{"id":118,"date":"2024-07-16T13:35:15","date_gmt":"2024-07-16T13:35:15","guid":{"rendered":"https:\/\/baroudeusebymylene.com\/?page_id=118"},"modified":"2024-09-23T09:36:16","modified_gmt":"2024-09-23T09:36:16","slug":"mentions-legales","status":"publish","type":"page","link":"https:\/\/baroudeusebymylene.com\/index.php\/mentions-legales\/","title":{"rendered":"Mentions l\u00e9gales"},"content":{"rendered":"\t\t<div data-elementor-type=\"wp-page\" data-elementor-id=\"118\" class=\"elementor elementor-118\">\n\t\t\t\t<div class=\"elementor-element elementor-element-1a04996 e-grid e-con-boxed e-con e-parent\" data-id=\"1a04996\" data-element_type=\"container\">\n\t\t\t\t\t<div class=\"e-con-inner\">\n\t\t\t\t<div class=\"elementor-element elementor-element-2b0d991 elementor-icon-list--layout-traditional elementor-list-item-link-full_width elementor-widget elementor-widget-icon-list\" data-id=\"2b0d991\" data-element_type=\"widget\" data-widget_type=\"icon-list.default\">\n\t\t\t\t<div class=\"elementor-widget-container\">\n\t\t\t\t\t\t\t<ul class=\"elementor-icon-list-items\">\n\t\t\t\t\t\t\t<li class=\"elementor-icon-list-item\">\n\t\t\t\t\t\t\t\t\t\t\t<span class=\"elementor-icon-list-icon\">\n\t\t\t\t\t\t\t<svg aria-hidden=\"true\" class=\"e-font-icon-svg e-fas-address-card\" viewBox=\"0 0 576 512\" xmlns=\"http:\/\/www.w3.org\/2000\/svg\"><path d=\"M528 32H48C21.5 32 0 53.5 0 80v352c0 26.5 21.5 48 48 48h480c26.5 0 48-21.5 48-48V80c0-26.5-21.5-48-48-48zm-352 96c35.3 0 64 28.7 64 64s-28.7 64-64 64-64-28.7-64-64 28.7-64 64-64zm112 236.8c0 10.6-10 19.2-22.4 19.2H86.4C74 384 64 375.4 64 364.8v-19.2c0-31.8 30.1-57.6 67.2-57.6h5c12.3 5.1 25.7 8 39.8 8s27.6-2.9 39.8-8h5c37.1 0 67.2 25.8 67.2 57.6v19.2zM512 312c0 4.4-3.6 8-8 8H360c-4.4 0-8-3.6-8-8v-16c0-4.4 3.6-8 8-8h144c4.4 0 8 3.6 8 8v16zm0-64c0 4.4-3.6 8-8 8H360c-4.4 0-8-3.6-8-8v-16c0-4.4 3.6-8 8-8h144c4.4 0 8 3.6 8 8v16zm0-64c0 4.4-3.6 8-8 8H360c-4.4 0-8-3.6-8-8v-16c0-4.4 3.6-8 8-8h144c4.4 0 8 3.6 8 8v16z\"><\/path><\/svg>\t\t\t\t\t\t<\/span>\n\t\t\t\t\t\t\t\t\t\t<span class=\"elementor-icon-list-text\">D\u00e9nomination sociale: Baroudeuse<\/span>\n\t\t\t\t\t\t\t\t\t<\/li>\n\t\t\t\t\t\t\t\t<li class=\"elementor-icon-list-item\">\n\t\t\t\t\t\t\t\t\t\t\t<span class=\"elementor-icon-list-icon\">\n\t\t\t\t\t\t\t<svg aria-hidden=\"true\" class=\"e-font-icon-svg e-far-building\" viewBox=\"0 0 448 512\" xmlns=\"http:\/\/www.w3.org\/2000\/svg\"><path d=\"M128 148v-40c0-6.6 5.4-12 12-12h40c6.6 0 12 5.4 12 12v40c0 6.6-5.4 12-12 12h-40c-6.6 0-12-5.4-12-12zm140 12h40c6.6 0 12-5.4 12-12v-40c0-6.6-5.4-12-12-12h-40c-6.6 0-12 5.4-12 12v40c0 6.6 5.4 12 12 12zm-128 96h40c6.6 0 12-5.4 12-12v-40c0-6.6-5.4-12-12-12h-40c-6.6 0-12 5.4-12 12v40c0 6.6 5.4 12 12 12zm128 0h40c6.6 0 12-5.4 12-12v-40c0-6.6-5.4-12-12-12h-40c-6.6 0-12 5.4-12 12v40c0 6.6 5.4 12 12 12zm-76 84v-40c0-6.6-5.4-12-12-12h-40c-6.6 0-12 5.4-12 12v40c0 6.6 5.4 12 12 12h40c6.6 0 12-5.4 12-12zm76 12h40c6.6 0 12-5.4 12-12v-40c0-6.6-5.4-12-12-12h-40c-6.6 0-12 5.4-12 12v40c0 6.6 5.4 12 12 12zm180 124v36H0v-36c0-6.6 5.4-12 12-12h19.5V24c0-13.3 10.7-24 24-24h337c13.3 0 24 10.7 24 24v440H436c6.6 0 12 5.4 12 12zM79.5 463H192v-67c0-6.6 5.4-12 12-12h40c6.6 0 12 5.4 12 12v67h112.5V49L80 48l-.5 415z\"><\/path><\/svg>\t\t\t\t\t\t<\/span>\n\t\t\t\t\t\t\t\t\t\t<span class=\"elementor-icon-list-text\">Forme juridique:  entreprise individuelle<\/span>\n\t\t\t\t\t\t\t\t\t<\/li>\n\t\t\t\t\t\t\t\t<li class=\"elementor-icon-list-item\">\n\t\t\t\t\t\t\t\t\t\t\t<span class=\"elementor-icon-list-icon\">\n\t\t\t\t\t\t\t<svg aria-hidden=\"true\" class=\"e-font-icon-svg e-fas-address-card\" viewBox=\"0 0 576 512\" xmlns=\"http:\/\/www.w3.org\/2000\/svg\"><path d=\"M528 32H48C21.5 32 0 53.5 0 80v352c0 26.5 21.5 48 48 48h480c26.5 0 48-21.5 48-48V80c0-26.5-21.5-48-48-48zm-352 96c35.3 0 64 28.7 64 64s-28.7 64-64 64-64-28.7-64-64 28.7-64 64-64zm112 236.8c0 10.6-10 19.2-22.4 19.2H86.4C74 384 64 375.4 64 364.8v-19.2c0-31.8 30.1-57.6 67.2-57.6h5c12.3 5.1 25.7 8 39.8 8s27.6-2.9 39.8-8h5c37.1 0 67.2 25.8 67.2 57.6v19.2zM512 312c0 4.4-3.6 8-8 8H360c-4.4 0-8-3.6-8-8v-16c0-4.4 3.6-8 8-8h144c4.4 0 8 3.6 8 8v16zm0-64c0 4.4-3.6 8-8 8H360c-4.4 0-8-3.6-8-8v-16c0-4.4 3.6-8 8-8h144c4.4 0 8 3.6 8 8v16zm0-64c0 4.4-3.6 8-8 8H360c-4.4 0-8-3.6-8-8v-16c0-4.4 3.6-8 8-8h144c4.4 0 8 3.6 8 8v16z\"><\/path><\/svg>\t\t\t\t\t\t<\/span>\n\t\t\t\t\t\t\t\t\t\t<span class=\"elementor-icon-list-text\">Si\u00e8ge social: 13 bd de la draisine 13330 P\u00e9lissanne<\/span>\n\t\t\t\t\t\t\t\t\t<\/li>\n\t\t\t\t\t\t\t\t<li class=\"elementor-icon-list-item\">\n\t\t\t\t\t\t\t\t\t\t\t<span class=\"elementor-icon-list-icon\">\n\t\t\t\t\t\t\t<svg aria-hidden=\"true\" class=\"e-font-icon-svg e-fas-mail-bulk\" viewBox=\"0 0 576 512\" xmlns=\"http:\/\/www.w3.org\/2000\/svg\"><path d=\"M160 448c-25.6 0-51.2-22.4-64-32-64-44.8-83.2-60.8-96-70.4V480c0 17.67 14.33 32 32 32h256c17.67 0 32-14.33 32-32V345.6c-12.8 9.6-32 25.6-96 70.4-12.8 9.6-38.4 32-64 32zm128-192H32c-17.67 0-32 14.33-32 32v16c25.6 19.2 22.4 19.2 115.2 86.4 9.6 6.4 28.8 25.6 44.8 25.6s35.2-19.2 44.8-22.4c92.8-67.2 89.6-67.2 115.2-86.4V288c0-17.67-14.33-32-32-32zm256-96H224c-17.67 0-32 14.33-32 32v32h96c33.21 0 60.59 25.42 63.71 57.82l.29-.22V416h192c17.67 0 32-14.33 32-32V192c0-17.67-14.33-32-32-32zm-32 128h-64v-64h64v64zm-352-96c0-35.29 28.71-64 64-64h224V32c0-17.67-14.33-32-32-32H96C78.33 0 64 14.33 64 32v192h96v-32z\"><\/path><\/svg>\t\t\t\t\t\t<\/span>\n\t\t\t\t\t\t\t\t\t\t<span class=\"elementor-icon-list-text\">Mail: baroudeuse.by.mylene@gmail.com<\/span>\n\t\t\t\t\t\t\t\t\t<\/li>\n\t\t\t\t\t\t\t\t<li class=\"elementor-icon-list-item\">\n\t\t\t\t\t\t\t\t\t\t\t<span class=\"elementor-icon-list-icon\">\n\t\t\t\t\t\t\t<svg aria-hidden=\"true\" class=\"e-font-icon-svg e-fas-phone\" viewBox=\"0 0 512 512\" xmlns=\"http:\/\/www.w3.org\/2000\/svg\"><path d=\"M493.4 24.6l-104-24c-11.3-2.6-22.9 3.3-27.5 13.9l-48 112c-4.2 9.8-1.4 21.3 6.9 28l60.6 49.6c-36 76.7-98.9 140.5-177.2 177.2l-49.6-60.6c-6.8-8.3-18.2-11.1-28-6.9l-112 48C3.9 366.5-2 378.1.6 389.4l24 104C27.1 504.2 36.7 512 48 512c256.1 0 464-207.5 464-464 0-11.2-7.7-20.9-18.6-23.4z\"><\/path><\/svg>\t\t\t\t\t\t<\/span>\n\t\t\t\t\t\t\t\t\t\t<span class=\"elementor-icon-list-text\">Tel: 06.10.74.50.84<\/span>\n\t\t\t\t\t\t\t\t\t<\/li>\n\t\t\t\t\t\t\t\t<li class=\"elementor-icon-list-item\">\n\t\t\t\t\t\t\t\t\t\t\t<span class=\"elementor-icon-list-icon\">\n\t\t\t\t\t\t\t<svg aria-hidden=\"true\" class=\"e-font-icon-svg e-fas-copyright\" viewBox=\"0 0 512 512\" xmlns=\"http:\/\/www.w3.org\/2000\/svg\"><path d=\"M256 8C119.033 8 8 119.033 8 256s111.033 248 248 248 248-111.033 248-248S392.967 8 256 8zm117.134 346.753c-1.592 1.867-39.776 45.731-109.851 45.731-84.692 0-144.484-63.26-144.484-145.567 0-81.303 62.004-143.401 143.762-143.401 66.957 0 101.965 37.315 103.422 38.904a12 12 0 0 1 1.238 14.623l-22.38 34.655c-4.049 6.267-12.774 7.351-18.234 2.295-.233-.214-26.529-23.88-61.88-23.88-46.116 0-73.916 33.575-73.916 76.082 0 39.602 25.514 79.692 74.277 79.692 38.697 0 65.28-28.338 65.544-28.625 5.132-5.565 14.059-5.033 18.508 1.053l24.547 33.572a12.001 12.001 0 0 1-.553 14.866z\"><\/path><\/svg>\t\t\t\t\t\t<\/span>\n\t\t\t\t\t\t\t\t\t\t<span class=\"elementor-icon-list-text\">Copyright: Eydoux Myl\u00e8ne<\/span>\n\t\t\t\t\t\t\t\t\t<\/li>\n\t\t\t\t\t\t\t\t<li class=\"elementor-icon-list-item\">\n\t\t\t\t\t\t\t\t\t\t\t<span class=\"elementor-icon-list-icon\">\n\t\t\t\t\t\t\t<svg aria-hidden=\"true\" class=\"e-font-icon-svg e-far-images\" viewBox=\"0 0 576 512\" xmlns=\"http:\/\/www.w3.org\/2000\/svg\"><path d=\"M480 416v16c0 26.51-21.49 48-48 48H48c-26.51 0-48-21.49-48-48V176c0-26.51 21.49-48 48-48h16v48H54a6 6 0 0 0-6 6v244a6 6 0 0 0 6 6h372a6 6 0 0 0 6-6v-10h48zm42-336H150a6 6 0 0 0-6 6v244a6 6 0 0 0 6 6h372a6 6 0 0 0 6-6V86a6 6 0 0 0-6-6zm6-48c26.51 0 48 21.49 48 48v256c0 26.51-21.49 48-48 48H144c-26.51 0-48-21.49-48-48V80c0-26.51 21.49-48 48-48h384zM264 144c0 22.091-17.909 40-40 40s-40-17.909-40-40 17.909-40 40-40 40 17.909 40 40zm-72 96l39.515-39.515c4.686-4.686 12.284-4.686 16.971 0L288 240l103.515-103.515c4.686-4.686 12.284-4.686 16.971 0L480 208v80H192v-48z\"><\/path><\/svg>\t\t\t\t\t\t<\/span>\n\t\t\t\t\t\t\t\t\t\t<span class=\"elementor-icon-list-text\">Propri\u00e9t\u00e9 intellectuelle: textes et photos Eydoux Myl\u00e8ne<\/span>\n\t\t\t\t\t\t\t\t\t<\/li>\n\t\t\t\t\t\t<\/ul>\n\t\t\t\t\t\t<\/div>\n\t\t\t\t<\/div>\n\t\t\t\t<div class=\"elementor-element elementor-element-a3602fc elementor-widget elementor-widget-image\" data-id=\"a3602fc\" data-element_type=\"widget\" data-widget_type=\"image.default\">\n\t\t\t\t<div class=\"elementor-widget-container\">\n\t\t\t\t\t\t\t\t\t\t\t\t\t\t\t<img fetchpriority=\"high\" decoding=\"async\" width=\"768\" height=\"1024\" src=\"https:\/\/baroudeusebymylene.com\/wp-content\/uploads\/2024\/08\/MIGD1910-768x1024.jpg\" class=\"attachment-large size-large wp-image-271\" alt=\"\" srcset=\"https:\/\/baroudeusebymylene.com\/wp-content\/uploads\/2024\/08\/MIGD1910-768x1024.jpg 768w, https:\/\/baroudeusebymylene.com\/wp-content\/uploads\/2024\/08\/MIGD1910-225x300.jpg 225w, https:\/\/baroudeusebymylene.com\/wp-content\/uploads\/2024\/08\/MIGD1910-1152x1536.jpg 1152w, https:\/\/baroudeusebymylene.com\/wp-content\/uploads\/2024\/08\/MIGD1910.jpg 1200w\" sizes=\"(max-width: 768px) 100vw, 768px\" \/>\t\t\t\t\t\t\t\t\t\t\t\t\t\t\t<\/div>\n\t\t\t\t<\/div>\n\t\t\t\t\t<\/div>\n\t\t\t\t<\/div>\n\t\t\t\t<\/div>\n\t\t","protected":false},"excerpt":{"rendered":"<p>D\u00e9nomination sociale: Baroudeuse Forme juridique: entreprise individuelle Si\u00e8ge social: 13 bd de la draisine 13330 P\u00e9lissanne Mail: baroudeuse.by.mylene@gmail.com Tel: 06.10.74.50.84 Copyright: Eydoux Myl\u00e8ne Propri\u00e9t\u00e9 intellectuelle: textes et photos Eydoux Myl\u00e8ne<\/p>\n","protected":false},"author":1,"featured_media":0,"parent":0,"menu_order":0,"comment_status":"closed","ping_status":"closed","template":"","meta":{"footnotes":""},"class_list":["post-118","page","type-page","status-publish","hentry","entry","owp-thumbs-layout-horizontal","owp-btn-normal","owp-tabs-layout-horizontal","has-no-thumbnails","has-product-nav"],"yoast_head":"<!-- This site is optimized with the Yoast SEO plugin v25.3.1 - https:\/\/yoast.com\/wordpress\/plugins\/seo\/ -->\n<title>Mentions l\u00e9gales - Baroudeusebymylene.com<\/title>\n<meta name=\"description\" content=\"Vous pourrez consulter ici les mentions l\u00e9gales du site baroudeuse by Myl\u00e8ne. Il s&#039;agit d&#039;une obligation l\u00e9gale.\" \/>\n<meta name=\"robots\" content=\"index, follow, max-snippet:-1, max-image-preview:large, max-video-preview:-1\" \/>\n<link rel=\"canonical\" href=\"https:\/\/baroudeusebymylene.com\/index.php\/mentions-legales\/\" \/>\n<meta property=\"og:locale\" content=\"fr_FR\" \/>\n<meta property=\"og:type\" content=\"article\" \/>\n<meta property=\"og:title\" content=\"Mentions l\u00e9gales - Baroudeusebymylene.com\" \/>\n<meta property=\"og:description\" content=\"Vous pourrez consulter ici les mentions l\u00e9gales du site baroudeuse by Myl\u00e8ne. Il s&#039;agit d&#039;une obligation l\u00e9gale.\" \/>\n<meta property=\"og:url\" content=\"https:\/\/baroudeusebymylene.com\/index.php\/mentions-legales\/\" \/>\n<meta property=\"og:site_name\" content=\"Baroudeusebymylene.com\" \/>\n<meta property=\"article:modified_time\" content=\"2024-09-23T09:36:16+00:00\" \/>\n<meta property=\"og:image\" content=\"https:\/\/baroudeusebymylene.com\/wp-content\/uploads\/2024\/08\/MIGD1910-768x1024.jpg\" \/>\n<meta name=\"twitter:card\" content=\"summary_large_image\" \/>\n<meta name=\"twitter:label1\" content=\"Dur\u00e9e de lecture estim\u00e9e\" \/>\n\t<meta name=\"twitter:data1\" content=\"1 minute\" \/>\n<script type=\"application\/ld+json\" class=\"yoast-schema-graph\">{\"@context\":\"https:\/\/schema.org\",\"@graph\":[{\"@type\":\"WebPage\",\"@id\":\"https:\/\/baroudeusebymylene.com\/index.php\/mentions-legales\/\",\"url\":\"https:\/\/baroudeusebymylene.com\/index.php\/mentions-legales\/\",\"name\":\"Mentions l\u00e9gales - Baroudeusebymylene.com\",\"isPartOf\":{\"@id\":\"https:\/\/baroudeusebymylene.com\/#website\"},\"primaryImageOfPage\":{\"@id\":\"https:\/\/baroudeusebymylene.com\/index.php\/mentions-legales\/#primaryimage\"},\"image\":{\"@id\":\"https:\/\/baroudeusebymylene.com\/index.php\/mentions-legales\/#primaryimage\"},\"thumbnailUrl\":\"https:\/\/baroudeusebymylene.com\/wp-content\/uploads\/2024\/08\/MIGD1910-768x1024.jpg\",\"datePublished\":\"2024-07-16T13:35:15+00:00\",\"dateModified\":\"2024-09-23T09:36:16+00:00\",\"description\":\"Vous pourrez consulter ici les mentions l\u00e9gales du site baroudeuse by Myl\u00e8ne. Il s'agit d'une obligation l\u00e9gale.\",\"breadcrumb\":{\"@id\":\"https:\/\/baroudeusebymylene.com\/index.php\/mentions-legales\/#breadcrumb\"},\"inLanguage\":\"fr-FR\",\"potentialAction\":[{\"@type\":\"ReadAction\",\"target\":[\"https:\/\/baroudeusebymylene.com\/index.php\/mentions-legales\/\"]}]},{\"@type\":\"ImageObject\",\"inLanguage\":\"fr-FR\",\"@id\":\"https:\/\/baroudeusebymylene.com\/index.php\/mentions-legales\/#primaryimage\",\"url\":\"https:\/\/baroudeusebymylene.com\/wp-content\/uploads\/2024\/08\/MIGD1910.jpg\",\"contentUrl\":\"https:\/\/baroudeusebymylene.com\/wp-content\/uploads\/2024\/08\/MIGD1910.jpg\",\"width\":1200,\"height\":1600},{\"@type\":\"BreadcrumbList\",\"@id\":\"https:\/\/baroudeusebymylene.com\/index.php\/mentions-legales\/#breadcrumb\",\"itemListElement\":[{\"@type\":\"ListItem\",\"position\":1,\"name\":\"Accueil\",\"item\":\"https:\/\/baroudeusebymylene.com\/\"},{\"@type\":\"ListItem\",\"position\":2,\"name\":\"Mentions l\u00e9gales\"}]},{\"@type\":\"WebSite\",\"@id\":\"https:\/\/baroudeusebymylene.com\/#website\",\"url\":\"https:\/\/baroudeusebymylene.com\/\",\"name\":\"Baroudeusebymylene.com\",\"description\":\"Voyager sans rencontrer l&#039;autre, ce n&#039;est pas voyager c&#039;est se d\u00e9placer... Alexandra David Neel\",\"publisher\":{\"@id\":\"https:\/\/baroudeusebymylene.com\/#organization\"},\"potentialAction\":[{\"@type\":\"SearchAction\",\"target\":{\"@type\":\"EntryPoint\",\"urlTemplate\":\"https:\/\/baroudeusebymylene.com\/?s={search_term_string}\"},\"query-input\":{\"@type\":\"PropertyValueSpecification\",\"valueRequired\":true,\"valueName\":\"search_term_string\"}}],\"inLanguage\":\"fr-FR\"},{\"@type\":\"Organization\",\"@id\":\"https:\/\/baroudeusebymylene.com\/#organization\",\"name\":\"Baroudeusebymylene.com\",\"url\":\"https:\/\/baroudeusebymylene.com\/\",\"logo\":{\"@type\":\"ImageObject\",\"inLanguage\":\"fr-FR\",\"@id\":\"https:\/\/baroudeusebymylene.com\/#\/schema\/logo\/image\/\",\"url\":\"https:\/\/baroudeusebymylene.com\/wp-content\/uploads\/2024\/07\/cropped-IMG_9174.jpg\",\"contentUrl\":\"https:\/\/baroudeusebymylene.com\/wp-content\/uploads\/2024\/07\/cropped-IMG_9174.jpg\",\"width\":568,\"height\":213,\"caption\":\"Baroudeusebymylene.com\"},\"image\":{\"@id\":\"https:\/\/baroudeusebymylene.com\/#\/schema\/logo\/image\/\"}}]}<\/script>\n<!-- \/ Yoast SEO plugin. -->","yoast_head_json":{"title":"Mentions l\u00e9gales - Baroudeusebymylene.com","description":"Vous pourrez consulter ici les mentions l\u00e9gales du site baroudeuse by Myl\u00e8ne. Il s'agit d'une obligation l\u00e9gale.","robots":{"index":"index","follow":"follow","max-snippet":"max-snippet:-1","max-image-preview":"max-image-preview:large","max-video-preview":"max-video-preview:-1"},"canonical":"https:\/\/baroudeusebymylene.com\/index.php\/mentions-legales\/","og_locale":"fr_FR","og_type":"article","og_title":"Mentions l\u00e9gales - Baroudeusebymylene.com","og_description":"Vous pourrez consulter ici les mentions l\u00e9gales du site baroudeuse by Myl\u00e8ne. Il s'agit d'une obligation l\u00e9gale.","og_url":"https:\/\/baroudeusebymylene.com\/index.php\/mentions-legales\/","og_site_name":"Baroudeusebymylene.com","article_modified_time":"2024-09-23T09:36:16+00:00","og_image":[{"url":"https:\/\/baroudeusebymylene.com\/wp-content\/uploads\/2024\/08\/MIGD1910-768x1024.jpg","type":"","width":"","height":""}],"twitter_card":"summary_large_image","twitter_misc":{"Dur\u00e9e de lecture estim\u00e9e":"1 minute"},"schema":{"@context":"https:\/\/schema.org","@graph":[{"@type":"WebPage","@id":"https:\/\/baroudeusebymylene.com\/index.php\/mentions-legales\/","url":"https:\/\/baroudeusebymylene.com\/index.php\/mentions-legales\/","name":"Mentions l\u00e9gales - Baroudeusebymylene.com","isPartOf":{"@id":"https:\/\/baroudeusebymylene.com\/#website"},"primaryImageOfPage":{"@id":"https:\/\/baroudeusebymylene.com\/index.php\/mentions-legales\/#primaryimage"},"image":{"@id":"https:\/\/baroudeusebymylene.com\/index.php\/mentions-legales\/#primaryimage"},"thumbnailUrl":"https:\/\/baroudeusebymylene.com\/wp-content\/uploads\/2024\/08\/MIGD1910-768x1024.jpg","datePublished":"2024-07-16T13:35:15+00:00","dateModified":"2024-09-23T09:36:16+00:00","description":"Vous pourrez consulter ici les mentions l\u00e9gales du site baroudeuse by Myl\u00e8ne. Il s'agit d'une obligation l\u00e9gale.","breadcrumb":{"@id":"https:\/\/baroudeusebymylene.com\/index.php\/mentions-legales\/#breadcrumb"},"inLanguage":"fr-FR","potentialAction":[{"@type":"ReadAction","target":["https:\/\/baroudeusebymylene.com\/index.php\/mentions-legales\/"]}]},{"@type":"ImageObject","inLanguage":"fr-FR","@id":"https:\/\/baroudeusebymylene.com\/index.php\/mentions-legales\/#primaryimage","url":"https:\/\/baroudeusebymylene.com\/wp-content\/uploads\/2024\/08\/MIGD1910.jpg","contentUrl":"https:\/\/baroudeusebymylene.com\/wp-content\/uploads\/2024\/08\/MIGD1910.jpg","width":1200,"height":1600},{"@type":"BreadcrumbList","@id":"https:\/\/baroudeusebymylene.com\/index.php\/mentions-legales\/#breadcrumb","itemListElement":[{"@type":"ListItem","position":1,"name":"Accueil","item":"https:\/\/baroudeusebymylene.com\/"},{"@type":"ListItem","position":2,"name":"Mentions l\u00e9gales"}]},{"@type":"WebSite","@id":"https:\/\/baroudeusebymylene.com\/#website","url":"https:\/\/baroudeusebymylene.com\/","name":"Baroudeusebymylene.com","description":"Voyager sans rencontrer l&#039;autre, ce n&#039;est pas voyager c&#039;est se d\u00e9placer... Alexandra David Neel","publisher":{"@id":"https:\/\/baroudeusebymylene.com\/#organization"},"potentialAction":[{"@type":"SearchAction","target":{"@type":"EntryPoint","urlTemplate":"https:\/\/baroudeusebymylene.com\/?s={search_term_string}"},"query-input":{"@type":"PropertyValueSpecification","valueRequired":true,"valueName":"search_term_string"}}],"inLanguage":"fr-FR"},{"@type":"Organization","@id":"https:\/\/baroudeusebymylene.com\/#organization","name":"Baroudeusebymylene.com","url":"https:\/\/baroudeusebymylene.com\/","logo":{"@type":"ImageObject","inLanguage":"fr-FR","@id":"https:\/\/baroudeusebymylene.com\/#\/schema\/logo\/image\/","url":"https:\/\/baroudeusebymylene.com\/wp-content\/uploads\/2024\/07\/cropped-IMG_9174.jpg","contentUrl":"https:\/\/baroudeusebymylene.com\/wp-content\/uploads\/2024\/07\/cropped-IMG_9174.jpg","width":568,"height":213,"caption":"Baroudeusebymylene.com"},"image":{"@id":"https:\/\/baroudeusebymylene.com\/#\/schema\/logo\/image\/"}}]}},"_links":{"self":[{"href":"https:\/\/baroudeusebymylene.com\/index.php\/wp-json\/wp\/v2\/pages\/118","targetHints":{"allow":["GET"]}}],"collection":[{"href":"https:\/\/baroudeusebymylene.com\/index.php\/wp-json\/wp\/v2\/pages"}],"about":[{"href":"https:\/\/baroudeusebymylene.com\/index.php\/wp-json\/wp\/v2\/types\/page"}],"author":[{"embeddable":true,"href":"https:\/\/baroudeusebymylene.com\/index.php\/wp-json\/wp\/v2\/users\/1"}],"replies":[{"embeddable":true,"href":"https:\/\/baroudeusebymylene.com\/index.php\/wp-json\/wp\/v2\/comments?post=118"}],"version-history":[{"count":4,"href":"https:\/\/baroudeusebymylene.com\/index.php\/wp-json\/wp\/v2\/pages\/118\/revisions"}],"predecessor-version":[{"id":469,"href":"https:\/\/baroudeusebymylene.com\/index.php\/wp-json\/wp\/v2\/pages\/118\/revisions\/469"}],"wp:attachment":[{"href":"https:\/\/baroudeusebymylene.com\/index.php\/wp-json\/wp\/v2\/media?parent=118"}],"curies":[{"name":"wp","href":"https:\/\/api.w.org\/{rel}","templated":true}]}}