{"id":155,"date":"2024-07-16T15:36:31","date_gmt":"2024-07-16T15:36:31","guid":{"rendered":"https:\/\/baroudeusebymylene.com\/?page_id=155"},"modified":"2025-01-30T17:37:32","modified_gmt":"2025-01-30T17:37:32","slug":"accueil-baroudeuse-by-mylene","status":"publish","type":"page","link":"https:\/\/baroudeusebymylene.com\/","title":{"rendered":"Accueil"},"content":{"rendered":"\t\t<div data-elementor-type=\"wp-page\" data-elementor-id=\"155\" class=\"elementor elementor-155\">\n\t\t\t\t<div class=\"elementor-element elementor-element-3d1c9b7 e-flex e-con-boxed e-con e-parent\" data-id=\"3d1c9b7\" data-element_type=\"container\">\n\t\t\t\t\t<div class=\"e-con-inner\">\n\t\t\t\t<div class=\"elementor-element elementor-element-0b74367 elementor-widget elementor-widget-heading\" data-id=\"0b74367\" data-element_type=\"widget\" data-widget_type=\"heading.default\">\n\t\t\t\t<div class=\"elementor-widget-container\">\n\t\t\t\t\t<h2 class=\"elementor-heading-title elementor-size-default\">Bienvenue chez Baroudeuse by Myl\u00e8ne<\/h2>\t\t\t\t<\/div>\n\t\t\t\t<\/div>\n\t\t\t\t<div class=\"elementor-element elementor-element-98c4e48 elementor-widget elementor-widget-text-editor\" data-id=\"98c4e48\" data-element_type=\"widget\" data-widget_type=\"text-editor.default\">\n\t\t\t\t<div class=\"elementor-widget-container\">\n\t\t\t\t\t\t\t\t\t<p>Passionn\u00e9e de voyage, avec plus de 30 pays \u00e0 mon actif, je partage avec vous ma passion des rencontres des peuples du monde. Dans mon site Baroudeuse by Myl\u00e8ne vous trouverez des articles chin\u00e9s chez des artisans de divers pays et des objets pratiques que je couds dans des tissus trouv\u00e9s lors de mes voyages. Vous pourrez \u00e9galement trouver des id\u00e9es voyages dans <a href=\"https:\/\/baroudeusebymylene.com\/index.php\/souvenirs-de-voyage\/\"><span style=\"text-decoration: underline;\">mon blog<\/span><\/a>.&nbsp;<\/p>\n<p>Depuis le 24 janvier 2025 vous pouvez me retrouver dans ma toute nouvelle boutique au 21 rue Lafayette \u00e0 Salon de Provence. La boutique est ouverte du mardi au samedi de 10h \u00e0 12h30et de 15h \u00e0 19h.&nbsp;<\/p>\t\t\t\t\t\t\t\t<\/div>\n\t\t\t\t<\/div>\n\t\t\t\t\t<\/div>\n\t\t\t\t<\/div>\n\t\t<div class=\"elementor-element elementor-element-6f51404 e-grid e-con-boxed e-con e-parent\" data-id=\"6f51404\" data-element_type=\"container\">\n\t\t\t\t\t<div class=\"e-con-inner\">\n\t\t\t\t<div class=\"elementor-element elementor-element-40bd685 elementor-widget elementor-widget-image\" data-id=\"40bd685\" data-element_type=\"widget\" data-widget_type=\"image.default\">\n\t\t\t\t<div class=\"elementor-widget-container\">\n\t\t\t\t\t\t\t\t\t\t\t\t\t\t\t<img fetchpriority=\"high\" decoding=\"async\" width=\"768\" height=\"1024\" src=\"https:\/\/baroudeusebymylene.com\/wp-content\/uploads\/2024\/08\/SDZE0706-768x1024.jpg\" class=\"attachment-large size-large wp-image-275\" alt=\"Baroudeuse by Myl\u00e8ne en Inde\" srcset=\"https:\/\/baroudeusebymylene.com\/wp-content\/uploads\/2024\/08\/SDZE0706-768x1024.jpg 768w, https:\/\/baroudeusebymylene.com\/wp-content\/uploads\/2024\/08\/SDZE0706-225x300.jpg 225w, https:\/\/baroudeusebymylene.com\/wp-content\/uploads\/2024\/08\/SDZE0706-1152x1536.jpg 1152w, https:\/\/baroudeusebymylene.com\/wp-content\/uploads\/2024\/08\/SDZE0706.jpg 1200w\" sizes=\"(max-width: 768px) 100vw, 768px\" \/>\t\t\t\t\t\t\t\t\t\t\t\t\t\t\t<\/div>\n\t\t\t\t<\/div>\n\t\t\t\t<div class=\"elementor-element elementor-element-13dc404 elementor-widget elementor-widget-image\" data-id=\"13dc404\" data-element_type=\"widget\" data-widget_type=\"image.default\">\n\t\t\t\t<div class=\"elementor-widget-container\">\n\t\t\t\t\t\t\t\t\t\t\t\t\t\t\t<img decoding=\"async\" width=\"720\" height=\"960\" src=\"https:\/\/baroudeusebymylene.com\/wp-content\/uploads\/2024\/08\/AKHT2730.jpg\" class=\"attachment-large size-large wp-image-264\" alt=\"Baroudeuse by Myl\u00e8ne en Afrique\" srcset=\"https:\/\/baroudeusebymylene.com\/wp-content\/uploads\/2024\/08\/AKHT2730.jpg 720w, https:\/\/baroudeusebymylene.com\/wp-content\/uploads\/2024\/08\/AKHT2730-225x300.jpg 225w\" sizes=\"(max-width: 720px) 100vw, 720px\" \/>\t\t\t\t\t\t\t\t\t\t\t\t\t\t\t<\/div>\n\t\t\t\t<\/div>\n\t\t\t\t<div class=\"elementor-element elementor-element-1c7f3a8 elementor-widget elementor-widget-image\" data-id=\"1c7f3a8\" data-element_type=\"widget\" data-widget_type=\"image.default\">\n\t\t\t\t<div class=\"elementor-widget-container\">\n\t\t\t\t\t\t\t\t\t\t\t\t\t\t\t<img decoding=\"async\" width=\"720\" height=\"960\" src=\"https:\/\/baroudeusebymylene.com\/wp-content\/uploads\/2024\/08\/KCXX5764.jpg\" class=\"attachment-large size-large wp-image-270\" alt=\"Baroudeuse by Myl\u00e8ne \u00e0 Bali\" srcset=\"https:\/\/baroudeusebymylene.com\/wp-content\/uploads\/2024\/08\/KCXX5764.jpg 720w, https:\/\/baroudeusebymylene.com\/wp-content\/uploads\/2024\/08\/KCXX5764-225x300.jpg 225w\" sizes=\"(max-width: 720px) 100vw, 720px\" \/>\t\t\t\t\t\t\t\t\t\t\t\t\t\t\t<\/div>\n\t\t\t\t<\/div>\n\t\t\t\t<div class=\"elementor-element elementor-element-875262a elementor-widget elementor-widget-image\" data-id=\"875262a\" data-element_type=\"widget\" data-widget_type=\"image.default\">\n\t\t\t\t<div class=\"elementor-widget-container\">\n\t\t\t\t\t\t\t\t\t\t\t\t\t\t\t<img loading=\"lazy\" decoding=\"async\" width=\"960\" height=\"720\" src=\"https:\/\/baroudeusebymylene.com\/wp-content\/uploads\/2024\/08\/DAFU3207.jpg\" class=\"attachment-large size-large wp-image-263\" alt=\"Myl\u00e8ne en Inde\" srcset=\"https:\/\/baroudeusebymylene.com\/wp-content\/uploads\/2024\/08\/DAFU3207.jpg 960w, https:\/\/baroudeusebymylene.com\/wp-content\/uploads\/2024\/08\/DAFU3207-300x225.jpg 300w, https:\/\/baroudeusebymylene.com\/wp-content\/uploads\/2024\/08\/DAFU3207-768x576.jpg 768w\" sizes=\"(max-width: 960px) 100vw, 960px\" \/>\t\t\t\t\t\t\t\t\t\t\t\t\t\t\t<\/div>\n\t\t\t\t<\/div>\n\t\t\t\t<div class=\"elementor-element elementor-element-879e562 elementor-widget elementor-widget-image\" data-id=\"879e562\" data-element_type=\"widget\" data-widget_type=\"image.default\">\n\t\t\t\t<div class=\"elementor-widget-container\">\n\t\t\t\t\t\t\t\t\t\t\t\t\t\t\t<img loading=\"lazy\" decoding=\"async\" width=\"960\" height=\"720\" src=\"https:\/\/baroudeusebymylene.com\/wp-content\/uploads\/2024\/08\/OETM7651.jpg\" class=\"attachment-large size-large wp-image-273\" alt=\"\" srcset=\"https:\/\/baroudeusebymylene.com\/wp-content\/uploads\/2024\/08\/OETM7651.jpg 960w, https:\/\/baroudeusebymylene.com\/wp-content\/uploads\/2024\/08\/OETM7651-300x225.jpg 300w, https:\/\/baroudeusebymylene.com\/wp-content\/uploads\/2024\/08\/OETM7651-768x576.jpg 768w\" sizes=\"(max-width: 960px) 100vw, 960px\" \/>\t\t\t\t\t\t\t\t\t\t\t\t\t\t\t<\/div>\n\t\t\t\t<\/div>\n\t\t\t\t<div class=\"elementor-element elementor-element-14d885c elementor-widget elementor-widget-image\" data-id=\"14d885c\" data-element_type=\"widget\" data-widget_type=\"image.default\">\n\t\t\t\t<div class=\"elementor-widget-container\">\n\t\t\t\t\t\t\t\t\t\t\t\t\t\t\t<img loading=\"lazy\" decoding=\"async\" width=\"1024\" height=\"768\" src=\"https:\/\/baroudeusebymylene.com\/wp-content\/uploads\/2024\/08\/OAJF5670-1024x768.jpg\" class=\"attachment-large size-large wp-image-272\" alt=\"\" srcset=\"https:\/\/baroudeusebymylene.com\/wp-content\/uploads\/2024\/08\/OAJF5670-1024x768.jpg 1024w, https:\/\/baroudeusebymylene.com\/wp-content\/uploads\/2024\/08\/OAJF5670-300x225.jpg 300w, https:\/\/baroudeusebymylene.com\/wp-content\/uploads\/2024\/08\/OAJF5670-768x576.jpg 768w, https:\/\/baroudeusebymylene.com\/wp-content\/uploads\/2024\/08\/OAJF5670-1536x1152.jpg 1536w, https:\/\/baroudeusebymylene.com\/wp-content\/uploads\/2024\/08\/OAJF5670.jpg 1600w\" sizes=\"(max-width: 1024px) 100vw, 1024px\" \/>\t\t\t\t\t\t\t\t\t\t\t\t\t\t\t<\/div>\n\t\t\t\t<\/div>\n\t\t\t\t\t<\/div>\n\t\t\t\t<\/div>\n\t\t\t\t<\/div>\n\t\t","protected":false},"excerpt":{"rendered":"<p>Bienvenue chez Baroudeuse by Myl\u00e8ne Passionn\u00e9e de voyage, avec plus de 30 pays \u00e0 mon actif, je partage avec vous ma passion des rencontres des peuples du monde. Dans mon site Baroudeuse by Myl\u00e8ne vous trouverez des articles chin\u00e9s chez des artisans de divers pays et des objets pratiques que je couds dans des tissus [&hellip;]<\/p>\n","protected":false},"author":1,"featured_media":0,"parent":0,"menu_order":0,"comment_status":"closed","ping_status":"closed","template":"","meta":{"footnotes":""},"class_list":["post-155","page","type-page","status-publish","hentry","entry","owp-thumbs-layout-horizontal","owp-btn-normal","owp-tabs-layout-horizontal","has-no-thumbnails","has-product-nav"],"yoast_head":"<!-- This site is optimized with the Yoast SEO plugin v25.3.1 - https:\/\/yoast.com\/wordpress\/plugins\/seo\/ -->\n<title>Baroudeuse by Myl\u00e8ne<\/title>\n<meta name=\"description\" content=\"Baroudeuse by Myl\u00e8ne, un site cr\u00e9e par une passionn\u00e9e de voyages. Vous y trouverez des objets artisanaux du monde et des cr\u00e9ations couture.\" \/>\n<meta name=\"robots\" content=\"index, follow, max-snippet:-1, max-image-preview:large, max-video-preview:-1\" \/>\n<link rel=\"canonical\" href=\"https:\/\/baroudeusebymylene.com\/\" \/>\n<meta property=\"og:locale\" content=\"fr_FR\" \/>\n<meta property=\"og:type\" content=\"article\" \/>\n<meta property=\"og:title\" content=\"Baroudeuse by Myl\u00e8ne\" \/>\n<meta property=\"og:description\" content=\"Baroudeuse by Myl\u00e8ne, un site cr\u00e9e par une passionn\u00e9e de voyages. Vous y trouverez des objets artisanaux du monde et des cr\u00e9ations couture.\" \/>\n<meta property=\"og:url\" content=\"https:\/\/baroudeusebymylene.com\/\" \/>\n<meta property=\"og:site_name\" content=\"Baroudeusebymylene.com\" \/>\n<meta property=\"article:modified_time\" content=\"2025-01-30T17:37:32+00:00\" \/>\n<meta property=\"og:image\" content=\"https:\/\/baroudeusebymylene.com\/wp-content\/uploads\/2024\/08\/SDZE0706.jpg\" \/>\n\t<meta property=\"og:image:width\" content=\"1200\" \/>\n\t<meta property=\"og:image:height\" content=\"1600\" \/>\n\t<meta property=\"og:image:type\" content=\"image\/jpeg\" \/>\n<meta name=\"twitter:card\" content=\"summary_large_image\" \/>\n<meta name=\"twitter:label1\" content=\"Dur\u00e9e de lecture estim\u00e9e\" \/>\n\t<meta name=\"twitter:data1\" content=\"2 minutes\" \/>\n<script type=\"application\/ld+json\" class=\"yoast-schema-graph\">{\"@context\":\"https:\/\/schema.org\",\"@graph\":[{\"@type\":\"WebPage\",\"@id\":\"https:\/\/baroudeusebymylene.com\/\",\"url\":\"https:\/\/baroudeusebymylene.com\/\",\"name\":\"Baroudeuse by Myl\u00e8ne\",\"isPartOf\":{\"@id\":\"https:\/\/baroudeusebymylene.com\/#website\"},\"primaryImageOfPage\":{\"@id\":\"https:\/\/baroudeusebymylene.com\/#primaryimage\"},\"image\":{\"@id\":\"https:\/\/baroudeusebymylene.com\/#primaryimage\"},\"thumbnailUrl\":\"https:\/\/baroudeusebymylene.com\/wp-content\/uploads\/2024\/08\/SDZE0706-768x1024.jpg\",\"datePublished\":\"2024-07-16T15:36:31+00:00\",\"dateModified\":\"2025-01-30T17:37:32+00:00\",\"description\":\"Baroudeuse by Myl\u00e8ne, un site cr\u00e9e par une passionn\u00e9e de voyages. Vous y trouverez des objets artisanaux du monde et des cr\u00e9ations couture.\",\"breadcrumb\":{\"@id\":\"https:\/\/baroudeusebymylene.com\/#breadcrumb\"},\"inLanguage\":\"fr-FR\",\"potentialAction\":[{\"@type\":\"ReadAction\",\"target\":[\"https:\/\/baroudeusebymylene.com\/\"]}]},{\"@type\":\"ImageObject\",\"inLanguage\":\"fr-FR\",\"@id\":\"https:\/\/baroudeusebymylene.com\/#primaryimage\",\"url\":\"https:\/\/baroudeusebymylene.com\/wp-content\/uploads\/2024\/08\/SDZE0706.jpg\",\"contentUrl\":\"https:\/\/baroudeusebymylene.com\/wp-content\/uploads\/2024\/08\/SDZE0706.jpg\",\"width\":1200,\"height\":1600,\"caption\":\"Baroudeuse by Myl\u00e8ne en Inde\"},{\"@type\":\"BreadcrumbList\",\"@id\":\"https:\/\/baroudeusebymylene.com\/#breadcrumb\",\"itemListElement\":[{\"@type\":\"ListItem\",\"position\":1,\"name\":\"Accueil\",\"item\":\"https:\/\/baroudeusebymylene.com\/\"},{\"@type\":\"ListItem\",\"position\":2,\"name\":\"Accueil\"}]},{\"@type\":\"WebSite\",\"@id\":\"https:\/\/baroudeusebymylene.com\/#website\",\"url\":\"https:\/\/baroudeusebymylene.com\/\",\"name\":\"Baroudeusebymylene.com\",\"description\":\"Voyager sans rencontrer l&#039;autre, ce n&#039;est pas voyager c&#039;est se d\u00e9placer... Alexandra David Neel\",\"publisher\":{\"@id\":\"https:\/\/baroudeusebymylene.com\/#organization\"},\"potentialAction\":[{\"@type\":\"SearchAction\",\"target\":{\"@type\":\"EntryPoint\",\"urlTemplate\":\"https:\/\/baroudeusebymylene.com\/?s={search_term_string}\"},\"query-input\":{\"@type\":\"PropertyValueSpecification\",\"valueRequired\":true,\"valueName\":\"search_term_string\"}}],\"inLanguage\":\"fr-FR\"},{\"@type\":\"Organization\",\"@id\":\"https:\/\/baroudeusebymylene.com\/#organization\",\"name\":\"Baroudeusebymylene.com\",\"url\":\"https:\/\/baroudeusebymylene.com\/\",\"logo\":{\"@type\":\"ImageObject\",\"inLanguage\":\"fr-FR\",\"@id\":\"https:\/\/baroudeusebymylene.com\/#\/schema\/logo\/image\/\",\"url\":\"https:\/\/baroudeusebymylene.com\/wp-content\/uploads\/2024\/07\/cropped-IMG_9174.jpg\",\"contentUrl\":\"https:\/\/baroudeusebymylene.com\/wp-content\/uploads\/2024\/07\/cropped-IMG_9174.jpg\",\"width\":568,\"height\":213,\"caption\":\"Baroudeusebymylene.com\"},\"image\":{\"@id\":\"https:\/\/baroudeusebymylene.com\/#\/schema\/logo\/image\/\"}}]}<\/script>\n<!-- \/ Yoast SEO plugin. -->","yoast_head_json":{"title":"Baroudeuse by Myl\u00e8ne","description":"Baroudeuse by Myl\u00e8ne, un site cr\u00e9e par une passionn\u00e9e de voyages. Vous y trouverez des objets artisanaux du monde et des cr\u00e9ations couture.","robots":{"index":"index","follow":"follow","max-snippet":"max-snippet:-1","max-image-preview":"max-image-preview:large","max-video-preview":"max-video-preview:-1"},"canonical":"https:\/\/baroudeusebymylene.com\/","og_locale":"fr_FR","og_type":"article","og_title":"Baroudeuse by Myl\u00e8ne","og_description":"Baroudeuse by Myl\u00e8ne, un site cr\u00e9e par une passionn\u00e9e de voyages. Vous y trouverez des objets artisanaux du monde et des cr\u00e9ations couture.","og_url":"https:\/\/baroudeusebymylene.com\/","og_site_name":"Baroudeusebymylene.com","article_modified_time":"2025-01-30T17:37:32+00:00","og_image":[{"width":1200,"height":1600,"url":"https:\/\/baroudeusebymylene.com\/wp-content\/uploads\/2024\/08\/SDZE0706.jpg","type":"image\/jpeg"}],"twitter_card":"summary_large_image","twitter_misc":{"Dur\u00e9e de lecture estim\u00e9e":"2 minutes"},"schema":{"@context":"https:\/\/schema.org","@graph":[{"@type":"WebPage","@id":"https:\/\/baroudeusebymylene.com\/","url":"https:\/\/baroudeusebymylene.com\/","name":"Baroudeuse by Myl\u00e8ne","isPartOf":{"@id":"https:\/\/baroudeusebymylene.com\/#website"},"primaryImageOfPage":{"@id":"https:\/\/baroudeusebymylene.com\/#primaryimage"},"image":{"@id":"https:\/\/baroudeusebymylene.com\/#primaryimage"},"thumbnailUrl":"https:\/\/baroudeusebymylene.com\/wp-content\/uploads\/2024\/08\/SDZE0706-768x1024.jpg","datePublished":"2024-07-16T15:36:31+00:00","dateModified":"2025-01-30T17:37:32+00:00","description":"Baroudeuse by Myl\u00e8ne, un site cr\u00e9e par une passionn\u00e9e de voyages. Vous y trouverez des objets artisanaux du monde et des cr\u00e9ations couture.","breadcrumb":{"@id":"https:\/\/baroudeusebymylene.com\/#breadcrumb"},"inLanguage":"fr-FR","potentialAction":[{"@type":"ReadAction","target":["https:\/\/baroudeusebymylene.com\/"]}]},{"@type":"ImageObject","inLanguage":"fr-FR","@id":"https:\/\/baroudeusebymylene.com\/#primaryimage","url":"https:\/\/baroudeusebymylene.com\/wp-content\/uploads\/2024\/08\/SDZE0706.jpg","contentUrl":"https:\/\/baroudeusebymylene.com\/wp-content\/uploads\/2024\/08\/SDZE0706.jpg","width":1200,"height":1600,"caption":"Baroudeuse by Myl\u00e8ne en Inde"},{"@type":"BreadcrumbList","@id":"https:\/\/baroudeusebymylene.com\/#breadcrumb","itemListElement":[{"@type":"ListItem","position":1,"name":"Accueil","item":"https:\/\/baroudeusebymylene.com\/"},{"@type":"ListItem","position":2,"name":"Accueil"}]},{"@type":"WebSite","@id":"https:\/\/baroudeusebymylene.com\/#website","url":"https:\/\/baroudeusebymylene.com\/","name":"Baroudeusebymylene.com","description":"Voyager sans rencontrer l&#039;autre, ce n&#039;est pas voyager c&#039;est se d\u00e9placer... Alexandra David Neel","publisher":{"@id":"https:\/\/baroudeusebymylene.com\/#organization"},"potentialAction":[{"@type":"SearchAction","target":{"@type":"EntryPoint","urlTemplate":"https:\/\/baroudeusebymylene.com\/?s={search_term_string}"},"query-input":{"@type":"PropertyValueSpecification","valueRequired":true,"valueName":"search_term_string"}}],"inLanguage":"fr-FR"},{"@type":"Organization","@id":"https:\/\/baroudeusebymylene.com\/#organization","name":"Baroudeusebymylene.com","url":"https:\/\/baroudeusebymylene.com\/","logo":{"@type":"ImageObject","inLanguage":"fr-FR","@id":"https:\/\/baroudeusebymylene.com\/#\/schema\/logo\/image\/","url":"https:\/\/baroudeusebymylene.com\/wp-content\/uploads\/2024\/07\/cropped-IMG_9174.jpg","contentUrl":"https:\/\/baroudeusebymylene.com\/wp-content\/uploads\/2024\/07\/cropped-IMG_9174.jpg","width":568,"height":213,"caption":"Baroudeusebymylene.com"},"image":{"@id":"https:\/\/baroudeusebymylene.com\/#\/schema\/logo\/image\/"}}]}},"_links":{"self":[{"href":"https:\/\/baroudeusebymylene.com\/index.php\/wp-json\/wp\/v2\/pages\/155","targetHints":{"allow":["GET"]}}],"collection":[{"href":"https:\/\/baroudeusebymylene.com\/index.php\/wp-json\/wp\/v2\/pages"}],"about":[{"href":"https:\/\/baroudeusebymylene.com\/index.php\/wp-json\/wp\/v2\/types\/page"}],"author":[{"embeddable":true,"href":"https:\/\/baroudeusebymylene.com\/index.php\/wp-json\/wp\/v2\/users\/1"}],"replies":[{"embeddable":true,"href":"https:\/\/baroudeusebymylene.com\/index.php\/wp-json\/wp\/v2\/comments?post=155"}],"version-history":[{"count":56,"href":"https:\/\/baroudeusebymylene.com\/index.php\/wp-json\/wp\/v2\/pages\/155\/revisions"}],"predecessor-version":[{"id":1352,"href":"https:\/\/baroudeusebymylene.com\/index.php\/wp-json\/wp\/v2\/pages\/155\/revisions\/1352"}],"wp:attachment":[{"href":"https:\/\/baroudeusebymylene.com\/index.php\/wp-json\/wp\/v2\/media?parent=155"}],"curies":[{"name":"wp","href":"https:\/\/api.w.org\/{rel}","templated":true}]}}