{"id":85,"date":"2024-07-16T09:01:05","date_gmt":"2024-07-16T09:01:05","guid":{"rendered":"https:\/\/baroudeusebymylene.com\/?page_id=85"},"modified":"2025-02-12T17:35:00","modified_gmt":"2025-02-12T17:35:00","slug":"formulaire-de-contact","status":"publish","type":"page","link":"https:\/\/baroudeusebymylene.com\/index.php\/formulaire-de-contact\/","title":{"rendered":"Contactez-moi"},"content":{"rendered":"\t\t<div data-elementor-type=\"wp-page\" data-elementor-id=\"85\" class=\"elementor elementor-85\">\n\t\t\t\t<footer class=\"elementor-element elementor-element-4e484cf6 e-con-full e-flex e-con e-parent\" data-id=\"4e484cf6\" data-element_type=\"container\">\n\t\t<div class=\"elementor-element elementor-element-6788cc6f e-con-full e-flex e-con e-child\" data-id=\"6788cc6f\" data-element_type=\"container\">\n\t\t\t\t<div class=\"elementor-element elementor-element-33f74152 elementor-widget elementor-widget-image\" data-id=\"33f74152\" data-element_type=\"widget\" data-widget_type=\"image.default\">\n\t\t\t\t<div class=\"elementor-widget-container\">\n\t\t\t\t\t\t\t\t\t\t\t\t\t\t\t<img fetchpriority=\"high\" decoding=\"async\" width=\"720\" height=\"960\" src=\"https:\/\/baroudeusebymylene.com\/wp-content\/uploads\/2024\/08\/MXNS6729.jpg\" class=\"attachment-full size-full wp-image-324\" alt=\"photo du formulaire de contact\" srcset=\"https:\/\/baroudeusebymylene.com\/wp-content\/uploads\/2024\/08\/MXNS6729.jpg 720w, https:\/\/baroudeusebymylene.com\/wp-content\/uploads\/2024\/08\/MXNS6729-225x300.jpg 225w\" sizes=\"(max-width: 720px) 100vw, 720px\" \/>\t\t\t\t\t\t\t\t\t\t\t\t\t\t\t<\/div>\n\t\t\t\t<\/div>\n\t\t\t\t<\/div>\n\t\t<div class=\"elementor-element elementor-element-8ae3e85 e-con-full e-flex e-con e-child\" data-id=\"8ae3e85\" data-element_type=\"container\">\n\t\t\t\t<div class=\"elementor-element elementor-element-7a221e4a elementor-icon-list--layout-inline elementor-tablet-align-center elementor-align-center elementor-list-item-link-full_width elementor-widget elementor-widget-icon-list\" data-id=\"7a221e4a\" data-element_type=\"widget\" data-widget_type=\"icon-list.default\">\n\t\t\t\t<div class=\"elementor-widget-container\">\n\t\t\t\t\t\t\t<ul class=\"elementor-icon-list-items elementor-inline-items\">\n\t\t\t\t\t\t\t<li class=\"elementor-icon-list-item elementor-inline-item\">\n\t\t\t\t\t\t\t\t\t\t<span class=\"elementor-icon-list-text\">06.10.74.50.84<\/span>\n\t\t\t\t\t\t\t\t\t<\/li>\n\t\t\t\t\t\t\t\t<li class=\"elementor-icon-list-item elementor-inline-item\">\n\t\t\t\t\t\t\t\t\t\t<span class=\"elementor-icon-list-text\">21 Rue Lafayette 13300 Salon de Provence<\/span>\n\t\t\t\t\t\t\t\t\t<\/li>\n\t\t\t\t\t\t\t\t<li class=\"elementor-icon-list-item elementor-inline-item\">\n\t\t\t\t\t\t\t\t\t\t<span class=\"elementor-icon-list-text\">baroudeuse.by.mylene@gmail.com<\/span>\n\t\t\t\t\t\t\t\t\t<\/li>\n\t\t\t\t\t\t<\/ul>\n\t\t\t\t\t\t<\/div>\n\t\t\t\t<\/div>\n\t\t\t\t<\/div>\n\t\t<div class=\"elementor-element elementor-element-1070a408 e-con-full e-flex e-con e-child\" data-id=\"1070a408\" data-element_type=\"container\">\n\t\t\t\t<div class=\"elementor-element elementor-element-2d314d34 e-grid-align-right e-grid-align-tablet-right e-grid-align-mobile-center elementor-widget-mobile__width-inherit elementor-shape-rounded elementor-grid-0 elementor-widget elementor-widget-social-icons\" data-id=\"2d314d34\" data-element_type=\"widget\" data-widget_type=\"social-icons.default\">\n\t\t\t\t<div class=\"elementor-widget-container\">\n\t\t\t\t\t\t\t<div class=\"elementor-social-icons-wrapper elementor-grid\" role=\"list\">\n\t\t\t\t\t\t\t<span class=\"elementor-grid-item\" role=\"listitem\">\n\t\t\t\t\t<a class=\"elementor-icon elementor-social-icon elementor-social-icon-facebook elementor-repeater-item-805513c\" target=\"_blank\">\n\t\t\t\t\t\t<span class=\"elementor-screen-only\">Facebook<\/span>\n\t\t\t\t\t\t<svg class=\"e-font-icon-svg e-fab-facebook\" viewBox=\"0 0 512 512\" xmlns=\"http:\/\/www.w3.org\/2000\/svg\"><path d=\"M504 256C504 119 393 8 256 8S8 119 8 256c0 123.78 90.69 226.38 209.25 245V327.69h-63V256h63v-54.64c0-62.15 37-96.48 93.67-96.48 27.14 0 55.52 4.84 55.52 4.84v61h-31.28c-30.8 0-40.41 19.12-40.41 38.73V256h68.78l-11 71.69h-57.78V501C413.31 482.38 504 379.78 504 256z\"><\/path><\/svg>\t\t\t\t\t<\/a>\n\t\t\t\t<\/span>\n\t\t\t\t\t\t\t<span class=\"elementor-grid-item\" role=\"listitem\">\n\t\t\t\t\t<a class=\"elementor-icon elementor-social-icon elementor-social-icon-instagram elementor-repeater-item-90a788e\" target=\"_blank\">\n\t\t\t\t\t\t<span class=\"elementor-screen-only\">Instagram<\/span>\n\t\t\t\t\t\t<svg class=\"e-font-icon-svg e-fab-instagram\" viewBox=\"0 0 448 512\" xmlns=\"http:\/\/www.w3.org\/2000\/svg\"><path d=\"M224.1 141c-63.6 0-114.9 51.3-114.9 114.9s51.3 114.9 114.9 114.9S339 319.5 339 255.9 287.7 141 224.1 141zm0 189.6c-41.1 0-74.7-33.5-74.7-74.7s33.5-74.7 74.7-74.7 74.7 33.5 74.7 74.7-33.6 74.7-74.7 74.7zm146.4-194.3c0 14.9-12 26.8-26.8 26.8-14.9 0-26.8-12-26.8-26.8s12-26.8 26.8-26.8 26.8 12 26.8 26.8zm76.1 27.2c-1.7-35.9-9.9-67.7-36.2-93.9-26.2-26.2-58-34.4-93.9-36.2-37-2.1-147.9-2.1-184.9 0-35.8 1.7-67.6 9.9-93.9 36.1s-34.4 58-36.2 93.9c-2.1 37-2.1 147.9 0 184.9 1.7 35.9 9.9 67.7 36.2 93.9s58 34.4 93.9 36.2c37 2.1 147.9 2.1 184.9 0 35.9-1.7 67.7-9.9 93.9-36.2 26.2-26.2 34.4-58 36.2-93.9 2.1-37 2.1-147.8 0-184.8zM398.8 388c-7.8 19.6-22.9 34.7-42.6 42.6-29.5 11.7-99.5 9-132.1 9s-102.7 2.6-132.1-9c-19.6-7.8-34.7-22.9-42.6-42.6-11.7-29.5-9-99.5-9-132.1s-2.6-102.7 9-132.1c7.8-19.6 22.9-34.7 42.6-42.6 29.5-11.7 99.5-9 132.1-9s102.7-2.6 132.1 9c19.6 7.8 34.7 22.9 42.6 42.6 11.7 29.5 9 99.5 9 132.1s2.7 102.7-9 132.1z\"><\/path><\/svg>\t\t\t\t\t<\/a>\n\t\t\t\t<\/span>\n\t\t\t\t\t<\/div>\n\t\t\t\t\t\t<\/div>\n\t\t\t\t<\/div>\n\t\t\t\t<\/div>\n\t\t\t\t<\/footer>\n\t\t<div class=\"elementor-element elementor-element-70a0075 e-flex e-con-boxed e-con e-parent\" data-id=\"70a0075\" data-element_type=\"container\">\n\t\t\t\t\t<div class=\"e-con-inner\">\n\t\t\t\t<div class=\"elementor-element elementor-element-3e363d2 elementor-widget elementor-widget-wpforms\" data-id=\"3e363d2\" data-element_type=\"widget\" data-widget_type=\"wpforms.default\">\n\t\t\t\t<div class=\"elementor-widget-container\">\n\t\t\t\t\t<div class=\"wpforms-container wpforms-container-full wpforms-render-modern\" id=\"wpforms-1359\"><form id=\"wpforms-form-1359\" class=\"wpforms-validate wpforms-form wpforms-ajax-form\" data-formid=\"1359\" method=\"post\" enctype=\"multipart\/form-data\" action=\"\/index.php\/wp-json\/wp\/v2\/pages\/85\" data-token=\"9e53e288422e51638a4e532e0c834d55\" data-token-time=\"1776429200\"><noscript class=\"wpforms-error-noscript\">Veuillez activer JavaScript dans votre navigateur pour remplir ce formulaire.<\/noscript><div class=\"wpforms-hidden\" id=\"wpforms-error-noscript\">Veuillez activer JavaScript dans votre navigateur pour remplir ce formulaire.<\/div><div class=\"wpforms-field-container\"><div id=\"wpforms-1359-field_1-container\" class=\"wpforms-field wpforms-field-name\" data-field-id=\"1\"><fieldset><legend class=\"wpforms-field-label\">Nom <span class=\"wpforms-required-label\" aria-hidden=\"true\">*<\/span><\/legend><div class=\"wpforms-field-row wpforms-field-medium\"><div class=\"wpforms-field-row-block wpforms-first wpforms-one-half\"><input type=\"text\" id=\"wpforms-1359-field_1\" class=\"wpforms-field-name-first wpforms-field-required\" name=\"wpforms[fields][1][first]\" aria-errormessage=\"wpforms-1359-field_1-error\" required><label for=\"wpforms-1359-field_1\" class=\"wpforms-field-sublabel after\">Pr\u00e9nom<\/label><\/div><div class=\"wpforms-field-row-block wpforms-one-half\"><input type=\"text\" id=\"wpforms-1359-field_1-last\" class=\"wpforms-field-name-last wpforms-field-required\" name=\"wpforms[fields][1][last]\" aria-errormessage=\"wpforms-1359-field_1-last-error\" required><label for=\"wpforms-1359-field_1-last\" class=\"wpforms-field-sublabel after\">Nom<\/label><\/div><\/div><\/fieldset><\/div><div id=\"wpforms-1359-field_2-container\" class=\"wpforms-field wpforms-field-email\" data-field-id=\"2\"><label class=\"wpforms-field-label\" for=\"wpforms-1359-field_2\">E-mail <span class=\"wpforms-required-label\" aria-hidden=\"true\">*<\/span><\/label><input type=\"email\" id=\"wpforms-1359-field_2\" class=\"wpforms-field-medium wpforms-field-required\" name=\"wpforms[fields][2]\" spellcheck=\"false\" aria-errormessage=\"wpforms-1359-field_2-error\" required><\/div>\t\t<div id=\"wpforms-1359-field_4-container\"\n\t\t\tclass=\"wpforms-field wpforms-field-text\"\n\t\t\tdata-field-type=\"text\"\n\t\t\tdata-field-id=\"4\"\n\t\t\t>\n\t\t\t<label class=\"wpforms-field-label\" for=\"wpforms-1359-field_4\" >Nom E-mail ou<\/label>\n\t\t\t<input type=\"text\" id=\"wpforms-1359-field_4\" class=\"wpforms-field-medium\" name=\"wpforms[fields][4]\" >\n\t\t<\/div>\n\t\t<div id=\"wpforms-1359-field_3-container\" class=\"wpforms-field wpforms-field-textarea\" data-field-id=\"3\"><label class=\"wpforms-field-label\" for=\"wpforms-1359-field_3\">Commentaire ou message<\/label><textarea id=\"wpforms-1359-field_3\" class=\"wpforms-field-medium\" name=\"wpforms[fields][3]\" aria-errormessage=\"wpforms-1359-field_3-error\" ><\/textarea><\/div><script>\n\t\t\t\t( function() {\n\t\t\t\t\tconst style = document.createElement( 'style' );\n\t\t\t\t\tstyle.appendChild( document.createTextNode( '#wpforms-1359-field_4-container { position: absolute !important; overflow: hidden !important; display: inline !important; height: 1px !important; width: 1px !important; z-index: -1000 !important; padding: 0 !important; } #wpforms-1359-field_4-container input { visibility: hidden; } #wpforms-conversational-form-page #wpforms-1359-field_4-container label { counter-increment: none; }' ) );\n\t\t\t\t\tdocument.head.appendChild( style );\n\t\t\t\t\tdocument.currentScript?.remove();\n\t\t\t\t} )();\n\t\t\t<\/script><\/div><!-- .wpforms-field-container --><div class=\"wpforms-submit-container\" ><input type=\"hidden\" name=\"wpforms[id]\" value=\"1359\"><input type=\"hidden\" name=\"page_title\" value=\"\"><input type=\"hidden\" name=\"page_url\" value=\"https:\/\/baroudeusebymylene.com\/index.php\/wp-json\/wp\/v2\/pages\/85\"><input type=\"hidden\" name=\"url_referer\" value=\"\"><button type=\"submit\" name=\"wpforms[submit]\" id=\"wpforms-submit-1359\" class=\"wpforms-submit\" data-alt-text=\"Envoi...\" data-submit-text=\"Envoyer\" aria-live=\"assertive\" value=\"wpforms-submit\">Envoyer<\/button><img decoding=\"async\" src=\"https:\/\/baroudeusebymylene.com\/wp-content\/plugins\/wpforms-lite\/assets\/images\/submit-spin.svg\" class=\"wpforms-submit-spinner\" style=\"display: none;\" width=\"26\" height=\"26\" alt=\"Chargement en cours\"><\/div><\/form><\/div>  <!-- .wpforms-container -->\t\t\t\t<\/div>\n\t\t\t\t<\/div>\n\t\t\t\t\t<\/div>\n\t\t\t\t<\/div>\n\t\t\t\t<\/div>\n\t\t","protected":false},"excerpt":{"rendered":"<p>06.10.74.50.84 21 Rue Lafayette 13300 Salon de Provence baroudeuse.by.mylene@gmail.com Facebook Instagram Veuillez activer JavaScript dans votre navigateur pour remplir ce formulaire.Veuillez activer JavaScript dans votre navigateur pour remplir ce formulaire. Nom * Pr\u00e9nomNom E-mail *Commentaire ou message Envoyer<\/p>\n","protected":false},"author":1,"featured_media":0,"parent":0,"menu_order":0,"comment_status":"closed","ping_status":"closed","template":"","meta":{"footnotes":""},"class_list":["post-85","page","type-page","status-publish","hentry","entry","owp-thumbs-layout-horizontal","owp-btn-normal","owp-tabs-layout-horizontal","has-no-thumbnails","has-product-nav"],"yoast_head":"<!-- This site is optimized with the Yoast SEO plugin v25.3.1 - https:\/\/yoast.com\/wordpress\/plugins\/seo\/ -->\n<title>Formulaire de contact - Baroudeusebymylene.com<\/title>\n<meta name=\"description\" content=\"C&#039;est ici que vous trouverez le formulaire de contact du site baroudeuse by Myl\u00e8ne. N&#039;h\u00e9sitez pas \u00e0 me laisser un message.\" \/>\n<meta name=\"robots\" content=\"index, follow, max-snippet:-1, max-image-preview:large, max-video-preview:-1\" \/>\n<link rel=\"canonical\" href=\"https:\/\/baroudeusebymylene.com\/index.php\/formulaire-de-contact\/\" \/>\n<meta property=\"og:locale\" content=\"fr_FR\" \/>\n<meta property=\"og:type\" content=\"article\" \/>\n<meta property=\"og:title\" content=\"Formulaire de contact - Baroudeusebymylene.com\" \/>\n<meta property=\"og:description\" content=\"C&#039;est ici que vous trouverez le formulaire de contact du site baroudeuse by Myl\u00e8ne. N&#039;h\u00e9sitez pas \u00e0 me laisser un message.\" \/>\n<meta property=\"og:url\" content=\"https:\/\/baroudeusebymylene.com\/index.php\/formulaire-de-contact\/\" \/>\n<meta property=\"og:site_name\" content=\"Baroudeusebymylene.com\" \/>\n<meta property=\"article:modified_time\" content=\"2025-02-12T17:35:00+00:00\" \/>\n<meta property=\"og:image\" content=\"https:\/\/baroudeusebymylene.com\/wp-content\/uploads\/2024\/08\/MXNS6729.jpg\" \/>\n\t<meta property=\"og:image:width\" content=\"720\" \/>\n\t<meta property=\"og:image:height\" content=\"960\" \/>\n\t<meta property=\"og:image:type\" content=\"image\/jpeg\" \/>\n<meta name=\"twitter:card\" content=\"summary_large_image\" \/>\n<meta name=\"twitter:label1\" content=\"Dur\u00e9e de lecture estim\u00e9e\" \/>\n\t<meta name=\"twitter:data1\" content=\"1 minute\" \/>\n<script type=\"application\/ld+json\" class=\"yoast-schema-graph\">{\"@context\":\"https:\/\/schema.org\",\"@graph\":[{\"@type\":\"WebPage\",\"@id\":\"https:\/\/baroudeusebymylene.com\/index.php\/formulaire-de-contact\/\",\"url\":\"https:\/\/baroudeusebymylene.com\/index.php\/formulaire-de-contact\/\",\"name\":\"Formulaire de contact - Baroudeusebymylene.com\",\"isPartOf\":{\"@id\":\"https:\/\/baroudeusebymylene.com\/#website\"},\"primaryImageOfPage\":{\"@id\":\"https:\/\/baroudeusebymylene.com\/index.php\/formulaire-de-contact\/#primaryimage\"},\"image\":{\"@id\":\"https:\/\/baroudeusebymylene.com\/index.php\/formulaire-de-contact\/#primaryimage\"},\"thumbnailUrl\":\"https:\/\/baroudeusebymylene.com\/wp-content\/uploads\/2024\/08\/MXNS6729.jpg\",\"datePublished\":\"2024-07-16T09:01:05+00:00\",\"dateModified\":\"2025-02-12T17:35:00+00:00\",\"description\":\"C'est ici que vous trouverez le formulaire de contact du site baroudeuse by Myl\u00e8ne. N'h\u00e9sitez pas \u00e0 me laisser un message.\",\"breadcrumb\":{\"@id\":\"https:\/\/baroudeusebymylene.com\/index.php\/formulaire-de-contact\/#breadcrumb\"},\"inLanguage\":\"fr-FR\",\"potentialAction\":[{\"@type\":\"ReadAction\",\"target\":[\"https:\/\/baroudeusebymylene.com\/index.php\/formulaire-de-contact\/\"]}]},{\"@type\":\"ImageObject\",\"inLanguage\":\"fr-FR\",\"@id\":\"https:\/\/baroudeusebymylene.com\/index.php\/formulaire-de-contact\/#primaryimage\",\"url\":\"https:\/\/baroudeusebymylene.com\/wp-content\/uploads\/2024\/08\/MXNS6729.jpg\",\"contentUrl\":\"https:\/\/baroudeusebymylene.com\/wp-content\/uploads\/2024\/08\/MXNS6729.jpg\",\"width\":720,\"height\":960,\"caption\":\"photo du formulaire de contact\"},{\"@type\":\"BreadcrumbList\",\"@id\":\"https:\/\/baroudeusebymylene.com\/index.php\/formulaire-de-contact\/#breadcrumb\",\"itemListElement\":[{\"@type\":\"ListItem\",\"position\":1,\"name\":\"Accueil\",\"item\":\"https:\/\/baroudeusebymylene.com\/\"},{\"@type\":\"ListItem\",\"position\":2,\"name\":\"Contactez-moi\"}]},{\"@type\":\"WebSite\",\"@id\":\"https:\/\/baroudeusebymylene.com\/#website\",\"url\":\"https:\/\/baroudeusebymylene.com\/\",\"name\":\"Baroudeusebymylene.com\",\"description\":\"Voyager sans rencontrer l&#039;autre, ce n&#039;est pas voyager c&#039;est se d\u00e9placer... Alexandra David Neel\",\"publisher\":{\"@id\":\"https:\/\/baroudeusebymylene.com\/#organization\"},\"potentialAction\":[{\"@type\":\"SearchAction\",\"target\":{\"@type\":\"EntryPoint\",\"urlTemplate\":\"https:\/\/baroudeusebymylene.com\/?s={search_term_string}\"},\"query-input\":{\"@type\":\"PropertyValueSpecification\",\"valueRequired\":true,\"valueName\":\"search_term_string\"}}],\"inLanguage\":\"fr-FR\"},{\"@type\":\"Organization\",\"@id\":\"https:\/\/baroudeusebymylene.com\/#organization\",\"name\":\"Baroudeusebymylene.com\",\"url\":\"https:\/\/baroudeusebymylene.com\/\",\"logo\":{\"@type\":\"ImageObject\",\"inLanguage\":\"fr-FR\",\"@id\":\"https:\/\/baroudeusebymylene.com\/#\/schema\/logo\/image\/\",\"url\":\"https:\/\/baroudeusebymylene.com\/wp-content\/uploads\/2024\/07\/cropped-IMG_9174.jpg\",\"contentUrl\":\"https:\/\/baroudeusebymylene.com\/wp-content\/uploads\/2024\/07\/cropped-IMG_9174.jpg\",\"width\":568,\"height\":213,\"caption\":\"Baroudeusebymylene.com\"},\"image\":{\"@id\":\"https:\/\/baroudeusebymylene.com\/#\/schema\/logo\/image\/\"}}]}<\/script>\n<!-- \/ Yoast SEO plugin. -->","yoast_head_json":{"title":"Formulaire de contact - Baroudeusebymylene.com","description":"C'est ici que vous trouverez le formulaire de contact du site baroudeuse by Myl\u00e8ne. N'h\u00e9sitez pas \u00e0 me laisser un message.","robots":{"index":"index","follow":"follow","max-snippet":"max-snippet:-1","max-image-preview":"max-image-preview:large","max-video-preview":"max-video-preview:-1"},"canonical":"https:\/\/baroudeusebymylene.com\/index.php\/formulaire-de-contact\/","og_locale":"fr_FR","og_type":"article","og_title":"Formulaire de contact - Baroudeusebymylene.com","og_description":"C'est ici que vous trouverez le formulaire de contact du site baroudeuse by Myl\u00e8ne. N'h\u00e9sitez pas \u00e0 me laisser un message.","og_url":"https:\/\/baroudeusebymylene.com\/index.php\/formulaire-de-contact\/","og_site_name":"Baroudeusebymylene.com","article_modified_time":"2025-02-12T17:35:00+00:00","og_image":[{"width":720,"height":960,"url":"https:\/\/baroudeusebymylene.com\/wp-content\/uploads\/2024\/08\/MXNS6729.jpg","type":"image\/jpeg"}],"twitter_card":"summary_large_image","twitter_misc":{"Dur\u00e9e de lecture estim\u00e9e":"1 minute"},"schema":{"@context":"https:\/\/schema.org","@graph":[{"@type":"WebPage","@id":"https:\/\/baroudeusebymylene.com\/index.php\/formulaire-de-contact\/","url":"https:\/\/baroudeusebymylene.com\/index.php\/formulaire-de-contact\/","name":"Formulaire de contact - Baroudeusebymylene.com","isPartOf":{"@id":"https:\/\/baroudeusebymylene.com\/#website"},"primaryImageOfPage":{"@id":"https:\/\/baroudeusebymylene.com\/index.php\/formulaire-de-contact\/#primaryimage"},"image":{"@id":"https:\/\/baroudeusebymylene.com\/index.php\/formulaire-de-contact\/#primaryimage"},"thumbnailUrl":"https:\/\/baroudeusebymylene.com\/wp-content\/uploads\/2024\/08\/MXNS6729.jpg","datePublished":"2024-07-16T09:01:05+00:00","dateModified":"2025-02-12T17:35:00+00:00","description":"C'est ici que vous trouverez le formulaire de contact du site baroudeuse by Myl\u00e8ne. N'h\u00e9sitez pas \u00e0 me laisser un message.","breadcrumb":{"@id":"https:\/\/baroudeusebymylene.com\/index.php\/formulaire-de-contact\/#breadcrumb"},"inLanguage":"fr-FR","potentialAction":[{"@type":"ReadAction","target":["https:\/\/baroudeusebymylene.com\/index.php\/formulaire-de-contact\/"]}]},{"@type":"ImageObject","inLanguage":"fr-FR","@id":"https:\/\/baroudeusebymylene.com\/index.php\/formulaire-de-contact\/#primaryimage","url":"https:\/\/baroudeusebymylene.com\/wp-content\/uploads\/2024\/08\/MXNS6729.jpg","contentUrl":"https:\/\/baroudeusebymylene.com\/wp-content\/uploads\/2024\/08\/MXNS6729.jpg","width":720,"height":960,"caption":"photo du formulaire de contact"},{"@type":"BreadcrumbList","@id":"https:\/\/baroudeusebymylene.com\/index.php\/formulaire-de-contact\/#breadcrumb","itemListElement":[{"@type":"ListItem","position":1,"name":"Accueil","item":"https:\/\/baroudeusebymylene.com\/"},{"@type":"ListItem","position":2,"name":"Contactez-moi"}]},{"@type":"WebSite","@id":"https:\/\/baroudeusebymylene.com\/#website","url":"https:\/\/baroudeusebymylene.com\/","name":"Baroudeusebymylene.com","description":"Voyager sans rencontrer l&#039;autre, ce n&#039;est pas voyager c&#039;est se d\u00e9placer... Alexandra David Neel","publisher":{"@id":"https:\/\/baroudeusebymylene.com\/#organization"},"potentialAction":[{"@type":"SearchAction","target":{"@type":"EntryPoint","urlTemplate":"https:\/\/baroudeusebymylene.com\/?s={search_term_string}"},"query-input":{"@type":"PropertyValueSpecification","valueRequired":true,"valueName":"search_term_string"}}],"inLanguage":"fr-FR"},{"@type":"Organization","@id":"https:\/\/baroudeusebymylene.com\/#organization","name":"Baroudeusebymylene.com","url":"https:\/\/baroudeusebymylene.com\/","logo":{"@type":"ImageObject","inLanguage":"fr-FR","@id":"https:\/\/baroudeusebymylene.com\/#\/schema\/logo\/image\/","url":"https:\/\/baroudeusebymylene.com\/wp-content\/uploads\/2024\/07\/cropped-IMG_9174.jpg","contentUrl":"https:\/\/baroudeusebymylene.com\/wp-content\/uploads\/2024\/07\/cropped-IMG_9174.jpg","width":568,"height":213,"caption":"Baroudeusebymylene.com"},"image":{"@id":"https:\/\/baroudeusebymylene.com\/#\/schema\/logo\/image\/"}}]}},"_links":{"self":[{"href":"https:\/\/baroudeusebymylene.com\/index.php\/wp-json\/wp\/v2\/pages\/85","targetHints":{"allow":["GET"]}}],"collection":[{"href":"https:\/\/baroudeusebymylene.com\/index.php\/wp-json\/wp\/v2\/pages"}],"about":[{"href":"https:\/\/baroudeusebymylene.com\/index.php\/wp-json\/wp\/v2\/types\/page"}],"author":[{"embeddable":true,"href":"https:\/\/baroudeusebymylene.com\/index.php\/wp-json\/wp\/v2\/users\/1"}],"replies":[{"embeddable":true,"href":"https:\/\/baroudeusebymylene.com\/index.php\/wp-json\/wp\/v2\/comments?post=85"}],"version-history":[{"count":19,"href":"https:\/\/baroudeusebymylene.com\/index.php\/wp-json\/wp\/v2\/pages\/85\/revisions"}],"predecessor-version":[{"id":1381,"href":"https:\/\/baroudeusebymylene.com\/index.php\/wp-json\/wp\/v2\/pages\/85\/revisions\/1381"}],"wp:attachment":[{"href":"https:\/\/baroudeusebymylene.com\/index.php\/wp-json\/wp\/v2\/media?parent=85"}],"curies":[{"name":"wp","href":"https:\/\/api.w.org\/{rel}","templated":true}]}}