{"id":695,"date":"2024-09-03T14:10:58","date_gmt":"2024-09-03T14:10:58","guid":{"rendered":"https:\/\/baroudeusebymylene.com\/?post_type=product&#038;p=695"},"modified":"2024-09-22T07:03:55","modified_gmt":"2024-09-22T07:03:55","slug":"trousse-multi-usage-wax-brillant","status":"publish","type":"product","link":"https:\/\/baroudeusebymylene.com\/index.php\/produit\/trousse-multi-usage-wax-brillant\/","title":{"rendered":"Trousse multi usage"},"content":{"rendered":"<p>D\u00e9couvrez nos magnifiques trousses, alliant \u00e9l\u00e9gance et originalit\u00e9. Parfaites pour ajouter une touche de couleur \u00e0 votre quotidien.<\/p>\n","protected":false},"excerpt":{"rendered":"<p>Trousse en wax petit format id\u00e9ale pour des stylos, pinceaux, crayons.<\/p>\n","protected":false},"featured_media":509,"comment_status":"open","ping_status":"closed","template":"","meta":[],"product_brand":[],"product_cat":[25,28],"product_tag":[],"class_list":{"0":"post-695","1":"product","2":"type-product","3":"status-publish","4":"has-post-thumbnail","6":"product_cat-mes-creations-couture","7":"product_cat-trousses","9":"entry","10":"has-media","12":"first","13":"instock","14":"sold-individually","15":"shipping-taxable","16":"purchasable","17":"product-type-simple","18":"has-product-nav","19":"col","20":"span_1_of_4","21":"owp-content-center","22":"owp-thumbs-layout-horizontal","23":"owp-btn-normal","24":"owp-tabs-layout-horizontal","25":"has-no-thumbnails"},"yoast_head":"<!-- This site is optimized with the Yoast SEO plugin v25.3.1 - https:\/\/yoast.com\/wordpress\/plugins\/seo\/ -->\n<title>Trousse multi usage - Baroudeusebymylene.com<\/title>\n<meta name=\"description\" content=\"Cette petite trousse en wax brillant allie \u00e9l\u00e9gance et originalit\u00e9. Elle sera parfaite pour ajouter une touche de couleur \u00e0 votre quotidien.\" \/>\n<meta name=\"robots\" content=\"index, follow, max-snippet:-1, max-image-preview:large, max-video-preview:-1\" \/>\n<link rel=\"canonical\" href=\"https:\/\/baroudeusebymylene.com\/index.php\/produit\/trousse-multi-usage-wax-brillant\/\" \/>\n<meta property=\"og:locale\" content=\"fr_FR\" \/>\n<meta property=\"og:type\" content=\"article\" \/>\n<meta property=\"og:title\" content=\"Trousse multi usage - Baroudeusebymylene.com\" \/>\n<meta property=\"og:description\" content=\"Cette petite trousse en wax brillant allie \u00e9l\u00e9gance et originalit\u00e9. Elle sera parfaite pour ajouter une touche de couleur \u00e0 votre quotidien.\" \/>\n<meta property=\"og:url\" content=\"https:\/\/baroudeusebymylene.com\/index.php\/produit\/trousse-multi-usage-wax-brillant\/\" \/>\n<meta property=\"og:site_name\" content=\"Baroudeusebymylene.com\" \/>\n<meta property=\"article:modified_time\" content=\"2024-09-22T07:03:55+00:00\" \/>\n<meta property=\"og:image\" content=\"https:\/\/baroudeusebymylene.com\/wp-content\/uploads\/2024\/08\/trousse-petit-format-rouge2.jpg\" \/>\n\t<meta property=\"og:image:width\" content=\"480\" \/>\n\t<meta property=\"og:image:height\" content=\"640\" \/>\n\t<meta property=\"og:image:type\" content=\"image\/jpeg\" \/>\n<meta name=\"twitter:card\" content=\"summary_large_image\" \/>\n<meta name=\"twitter:label1\" content=\"Dur\u00e9e de lecture estim\u00e9e\" \/>\n\t<meta name=\"twitter:data1\" content=\"1 minute\" \/>\n<script type=\"application\/ld+json\" class=\"yoast-schema-graph\">{\"@context\":\"https:\/\/schema.org\",\"@graph\":[{\"@type\":\"WebPage\",\"@id\":\"https:\/\/baroudeusebymylene.com\/index.php\/produit\/trousse-multi-usage-wax-brillant\/\",\"url\":\"https:\/\/baroudeusebymylene.com\/index.php\/produit\/trousse-multi-usage-wax-brillant\/\",\"name\":\"Trousse multi usage - Baroudeusebymylene.com\",\"isPartOf\":{\"@id\":\"https:\/\/baroudeusebymylene.com\/#website\"},\"primaryImageOfPage\":{\"@id\":\"https:\/\/baroudeusebymylene.com\/index.php\/produit\/trousse-multi-usage-wax-brillant\/#primaryimage\"},\"image\":{\"@id\":\"https:\/\/baroudeusebymylene.com\/index.php\/produit\/trousse-multi-usage-wax-brillant\/#primaryimage\"},\"thumbnailUrl\":\"https:\/\/baroudeusebymylene.com\/wp-content\/uploads\/2024\/08\/trousse-petit-format-rouge2.jpg\",\"datePublished\":\"2024-09-03T14:10:58+00:00\",\"dateModified\":\"2024-09-22T07:03:55+00:00\",\"description\":\"Cette petite trousse en wax brillant allie \u00e9l\u00e9gance et originalit\u00e9. Elle sera parfaite pour ajouter une touche de couleur \u00e0 votre quotidien.\",\"breadcrumb\":{\"@id\":\"https:\/\/baroudeusebymylene.com\/index.php\/produit\/trousse-multi-usage-wax-brillant\/#breadcrumb\"},\"inLanguage\":\"fr-FR\",\"potentialAction\":[{\"@type\":\"ReadAction\",\"target\":[\"https:\/\/baroudeusebymylene.com\/index.php\/produit\/trousse-multi-usage-wax-brillant\/\"]}]},{\"@type\":\"ImageObject\",\"inLanguage\":\"fr-FR\",\"@id\":\"https:\/\/baroudeusebymylene.com\/index.php\/produit\/trousse-multi-usage-wax-brillant\/#primaryimage\",\"url\":\"https:\/\/baroudeusebymylene.com\/wp-content\/uploads\/2024\/08\/trousse-petit-format-rouge2.jpg\",\"contentUrl\":\"https:\/\/baroudeusebymylene.com\/wp-content\/uploads\/2024\/08\/trousse-petit-format-rouge2.jpg\",\"width\":480,\"height\":640,\"caption\":\"Trousse petit format bleu ciel et rouge\"},{\"@type\":\"BreadcrumbList\",\"@id\":\"https:\/\/baroudeusebymylene.com\/index.php\/produit\/trousse-multi-usage-wax-brillant\/#breadcrumb\",\"itemListElement\":[{\"@type\":\"ListItem\",\"position\":1,\"name\":\"Accueil\",\"item\":\"https:\/\/baroudeusebymylene.com\/\"},{\"@type\":\"ListItem\",\"position\":2,\"name\":\"Boutique en ligne\",\"item\":\"https:\/\/baroudeusebymylene.com\/index.php\/boutique-en-ligne\/\"},{\"@type\":\"ListItem\",\"position\":3,\"name\":\"Trousse multi usage\"}]},{\"@type\":\"WebSite\",\"@id\":\"https:\/\/baroudeusebymylene.com\/#website\",\"url\":\"https:\/\/baroudeusebymylene.com\/\",\"name\":\"Baroudeusebymylene.com\",\"description\":\"Voyager sans rencontrer l&#039;autre, ce n&#039;est pas voyager c&#039;est se d\u00e9placer... Alexandra David Neel\",\"publisher\":{\"@id\":\"https:\/\/baroudeusebymylene.com\/#organization\"},\"potentialAction\":[{\"@type\":\"SearchAction\",\"target\":{\"@type\":\"EntryPoint\",\"urlTemplate\":\"https:\/\/baroudeusebymylene.com\/?s={search_term_string}\"},\"query-input\":{\"@type\":\"PropertyValueSpecification\",\"valueRequired\":true,\"valueName\":\"search_term_string\"}}],\"inLanguage\":\"fr-FR\"},{\"@type\":\"Organization\",\"@id\":\"https:\/\/baroudeusebymylene.com\/#organization\",\"name\":\"Baroudeusebymylene.com\",\"url\":\"https:\/\/baroudeusebymylene.com\/\",\"logo\":{\"@type\":\"ImageObject\",\"inLanguage\":\"fr-FR\",\"@id\":\"https:\/\/baroudeusebymylene.com\/#\/schema\/logo\/image\/\",\"url\":\"https:\/\/baroudeusebymylene.com\/wp-content\/uploads\/2024\/07\/cropped-IMG_9174.jpg\",\"contentUrl\":\"https:\/\/baroudeusebymylene.com\/wp-content\/uploads\/2024\/07\/cropped-IMG_9174.jpg\",\"width\":568,\"height\":213,\"caption\":\"Baroudeusebymylene.com\"},\"image\":{\"@id\":\"https:\/\/baroudeusebymylene.com\/#\/schema\/logo\/image\/\"}}]}<\/script>\n<!-- \/ Yoast SEO plugin. -->","yoast_head_json":{"title":"Trousse multi usage - Baroudeusebymylene.com","description":"Cette petite trousse en wax brillant allie \u00e9l\u00e9gance et originalit\u00e9. Elle sera parfaite pour ajouter une touche de couleur \u00e0 votre quotidien.","robots":{"index":"index","follow":"follow","max-snippet":"max-snippet:-1","max-image-preview":"max-image-preview:large","max-video-preview":"max-video-preview:-1"},"canonical":"https:\/\/baroudeusebymylene.com\/index.php\/produit\/trousse-multi-usage-wax-brillant\/","og_locale":"fr_FR","og_type":"article","og_title":"Trousse multi usage - Baroudeusebymylene.com","og_description":"Cette petite trousse en wax brillant allie \u00e9l\u00e9gance et originalit\u00e9. Elle sera parfaite pour ajouter une touche de couleur \u00e0 votre quotidien.","og_url":"https:\/\/baroudeusebymylene.com\/index.php\/produit\/trousse-multi-usage-wax-brillant\/","og_site_name":"Baroudeusebymylene.com","article_modified_time":"2024-09-22T07:03:55+00:00","og_image":[{"width":480,"height":640,"url":"https:\/\/baroudeusebymylene.com\/wp-content\/uploads\/2024\/08\/trousse-petit-format-rouge2.jpg","type":"image\/jpeg"}],"twitter_card":"summary_large_image","twitter_misc":{"Dur\u00e9e de lecture estim\u00e9e":"1 minute"},"schema":{"@context":"https:\/\/schema.org","@graph":[{"@type":"WebPage","@id":"https:\/\/baroudeusebymylene.com\/index.php\/produit\/trousse-multi-usage-wax-brillant\/","url":"https:\/\/baroudeusebymylene.com\/index.php\/produit\/trousse-multi-usage-wax-brillant\/","name":"Trousse multi usage - Baroudeusebymylene.com","isPartOf":{"@id":"https:\/\/baroudeusebymylene.com\/#website"},"primaryImageOfPage":{"@id":"https:\/\/baroudeusebymylene.com\/index.php\/produit\/trousse-multi-usage-wax-brillant\/#primaryimage"},"image":{"@id":"https:\/\/baroudeusebymylene.com\/index.php\/produit\/trousse-multi-usage-wax-brillant\/#primaryimage"},"thumbnailUrl":"https:\/\/baroudeusebymylene.com\/wp-content\/uploads\/2024\/08\/trousse-petit-format-rouge2.jpg","datePublished":"2024-09-03T14:10:58+00:00","dateModified":"2024-09-22T07:03:55+00:00","description":"Cette petite trousse en wax brillant allie \u00e9l\u00e9gance et originalit\u00e9. Elle sera parfaite pour ajouter une touche de couleur \u00e0 votre quotidien.","breadcrumb":{"@id":"https:\/\/baroudeusebymylene.com\/index.php\/produit\/trousse-multi-usage-wax-brillant\/#breadcrumb"},"inLanguage":"fr-FR","potentialAction":[{"@type":"ReadAction","target":["https:\/\/baroudeusebymylene.com\/index.php\/produit\/trousse-multi-usage-wax-brillant\/"]}]},{"@type":"ImageObject","inLanguage":"fr-FR","@id":"https:\/\/baroudeusebymylene.com\/index.php\/produit\/trousse-multi-usage-wax-brillant\/#primaryimage","url":"https:\/\/baroudeusebymylene.com\/wp-content\/uploads\/2024\/08\/trousse-petit-format-rouge2.jpg","contentUrl":"https:\/\/baroudeusebymylene.com\/wp-content\/uploads\/2024\/08\/trousse-petit-format-rouge2.jpg","width":480,"height":640,"caption":"Trousse petit format bleu ciel et rouge"},{"@type":"BreadcrumbList","@id":"https:\/\/baroudeusebymylene.com\/index.php\/produit\/trousse-multi-usage-wax-brillant\/#breadcrumb","itemListElement":[{"@type":"ListItem","position":1,"name":"Accueil","item":"https:\/\/baroudeusebymylene.com\/"},{"@type":"ListItem","position":2,"name":"Boutique en ligne","item":"https:\/\/baroudeusebymylene.com\/index.php\/boutique-en-ligne\/"},{"@type":"ListItem","position":3,"name":"Trousse multi usage"}]},{"@type":"WebSite","@id":"https:\/\/baroudeusebymylene.com\/#website","url":"https:\/\/baroudeusebymylene.com\/","name":"Baroudeusebymylene.com","description":"Voyager sans rencontrer l&#039;autre, ce n&#039;est pas voyager c&#039;est se d\u00e9placer... Alexandra David Neel","publisher":{"@id":"https:\/\/baroudeusebymylene.com\/#organization"},"potentialAction":[{"@type":"SearchAction","target":{"@type":"EntryPoint","urlTemplate":"https:\/\/baroudeusebymylene.com\/?s={search_term_string}"},"query-input":{"@type":"PropertyValueSpecification","valueRequired":true,"valueName":"search_term_string"}}],"inLanguage":"fr-FR"},{"@type":"Organization","@id":"https:\/\/baroudeusebymylene.com\/#organization","name":"Baroudeusebymylene.com","url":"https:\/\/baroudeusebymylene.com\/","logo":{"@type":"ImageObject","inLanguage":"fr-FR","@id":"https:\/\/baroudeusebymylene.com\/#\/schema\/logo\/image\/","url":"https:\/\/baroudeusebymylene.com\/wp-content\/uploads\/2024\/07\/cropped-IMG_9174.jpg","contentUrl":"https:\/\/baroudeusebymylene.com\/wp-content\/uploads\/2024\/07\/cropped-IMG_9174.jpg","width":568,"height":213,"caption":"Baroudeusebymylene.com"},"image":{"@id":"https:\/\/baroudeusebymylene.com\/#\/schema\/logo\/image\/"}}]}},"_links":{"self":[{"href":"https:\/\/baroudeusebymylene.com\/index.php\/wp-json\/wp\/v2\/product\/695","targetHints":{"allow":["GET"]}}],"collection":[{"href":"https:\/\/baroudeusebymylene.com\/index.php\/wp-json\/wp\/v2\/product"}],"about":[{"href":"https:\/\/baroudeusebymylene.com\/index.php\/wp-json\/wp\/v2\/types\/product"}],"replies":[{"embeddable":true,"href":"https:\/\/baroudeusebymylene.com\/index.php\/wp-json\/wp\/v2\/comments?post=695"}],"wp:featuredmedia":[{"embeddable":true,"href":"https:\/\/baroudeusebymylene.com\/index.php\/wp-json\/wp\/v2\/media\/509"}],"wp:attachment":[{"href":"https:\/\/baroudeusebymylene.com\/index.php\/wp-json\/wp\/v2\/media?parent=695"}],"wp:term":[{"taxonomy":"product_brand","embeddable":true,"href":"https:\/\/baroudeusebymylene.com\/index.php\/wp-json\/wp\/v2\/product_brand?post=695"},{"taxonomy":"product_cat","embeddable":true,"href":"https:\/\/baroudeusebymylene.com\/index.php\/wp-json\/wp\/v2\/product_cat?post=695"},{"taxonomy":"product_tag","embeddable":true,"href":"https:\/\/baroudeusebymylene.com\/index.php\/wp-json\/wp\/v2\/product_tag?post=695"}],"curies":[{"name":"wp","href":"https:\/\/api.w.org\/{rel}","templated":true}]}}