{"id":732,"date":"2024-09-04T14:32:00","date_gmt":"2024-09-04T14:32:00","guid":{"rendered":"https:\/\/baroudeusebymylene.com\/?post_type=product&#038;p=732"},"modified":"2024-12-02T11:18:33","modified_gmt":"2024-12-02T11:18:33","slug":"etui-cartes-en-wax-tulipe","status":"publish","type":"product","link":"https:\/\/baroudeusebymylene.com\/index.php\/produit\/etui-cartes-en-wax-tulipe\/","title":{"rendered":"Etui cartes en wax"},"content":{"rendered":"<p>Gardez vos cartes en s\u00e9curit\u00e9 et avec style avec ces \u00e9tuis en wax. Possibilit\u00e9 de glisser 2 cartes au format carte de paiement, carte d&rsquo;identit\u00e9 ou m\u00eame carte vitale. Un compartiment int\u00e9rieur vous permettra m\u00eame d&rsquo;y glisser des billets.<\/p>\n","protected":false},"excerpt":{"rendered":"<p>Un accessoire pratique et tendance en tissu wax du S\u00e9n\u00e9gal. Format 10 Cm X 7.5 Cm.<\/p>\n","protected":false},"featured_media":577,"comment_status":"open","ping_status":"closed","template":"","meta":[],"product_brand":[],"product_cat":[17,33,25],"product_tag":[],"class_list":{"0":"post-732","1":"product","2":"type-product","3":"status-publish","4":"has-post-thumbnail","6":"product_cat-non-classe","7":"product_cat-etuis-cartes-wax","8":"product_cat-mes-creations-couture","10":"entry","11":"has-media","13":"first","14":"instock","15":"shipping-taxable","16":"purchasable","17":"product-type-simple","18":"has-product-nav","19":"col","20":"span_1_of_4","21":"owp-content-center","22":"owp-thumbs-layout-horizontal","23":"owp-btn-normal","24":"owp-tabs-layout-horizontal","25":"has-no-thumbnails"},"yoast_head":"<!-- This site is optimized with the Yoast SEO plugin v25.3.1 - https:\/\/yoast.com\/wordpress\/plugins\/seo\/ -->\n<title>\u00e9tui \u00e0 cartes avec un motif de tulipes - Baroudeusebymylene.com<\/title>\n<meta name=\"description\" content=\"Cet \u00e9tui \u00e0 cartes en wax avec un motif de tulipes vous permettra de garder vos cartes en s\u00e9curit\u00e9 et avec style. Tr\u00e8s pratique \u00e0 glisser dans un sac \u00e0 main.\" \/>\n<meta name=\"robots\" content=\"index, follow, max-snippet:-1, max-image-preview:large, max-video-preview:-1\" \/>\n<link rel=\"canonical\" href=\"https:\/\/baroudeusebymylene.com\/index.php\/produit\/etui-cartes-en-wax-tulipe\/\" \/>\n<meta property=\"og:locale\" content=\"fr_FR\" \/>\n<meta property=\"og:type\" content=\"article\" \/>\n<meta property=\"og:title\" content=\"\u00e9tui \u00e0 cartes avec un motif de tulipes - Baroudeusebymylene.com\" \/>\n<meta property=\"og:description\" content=\"Cet \u00e9tui \u00e0 cartes en wax avec un motif de tulipes vous permettra de garder vos cartes en s\u00e9curit\u00e9 et avec style. Tr\u00e8s pratique \u00e0 glisser dans un sac \u00e0 main.\" \/>\n<meta property=\"og:url\" content=\"https:\/\/baroudeusebymylene.com\/index.php\/produit\/etui-cartes-en-wax-tulipe\/\" \/>\n<meta property=\"og:site_name\" content=\"Baroudeusebymylene.com\" \/>\n<meta property=\"article:modified_time\" content=\"2024-12-02T11:18:33+00:00\" \/>\n<meta property=\"og:image\" content=\"https:\/\/baroudeusebymylene.com\/wp-content\/uploads\/2024\/09\/etui-cb-bleu-jaune-tulipes.jpg\" \/>\n\t<meta property=\"og:image:width\" content=\"480\" \/>\n\t<meta property=\"og:image:height\" content=\"640\" \/>\n\t<meta property=\"og:image:type\" content=\"image\/jpeg\" \/>\n<meta name=\"twitter:card\" content=\"summary_large_image\" \/>\n<meta name=\"twitter:label1\" content=\"Dur\u00e9e de lecture estim\u00e9e\" \/>\n\t<meta name=\"twitter:data1\" content=\"1 minute\" \/>\n<script type=\"application\/ld+json\" class=\"yoast-schema-graph\">{\"@context\":\"https:\/\/schema.org\",\"@graph\":[{\"@type\":\"WebPage\",\"@id\":\"https:\/\/baroudeusebymylene.com\/index.php\/produit\/etui-cartes-en-wax-tulipe\/\",\"url\":\"https:\/\/baroudeusebymylene.com\/index.php\/produit\/etui-cartes-en-wax-tulipe\/\",\"name\":\"\u00e9tui \u00e0 cartes avec un motif de tulipes - Baroudeusebymylene.com\",\"isPartOf\":{\"@id\":\"https:\/\/baroudeusebymylene.com\/#website\"},\"primaryImageOfPage\":{\"@id\":\"https:\/\/baroudeusebymylene.com\/index.php\/produit\/etui-cartes-en-wax-tulipe\/#primaryimage\"},\"image\":{\"@id\":\"https:\/\/baroudeusebymylene.com\/index.php\/produit\/etui-cartes-en-wax-tulipe\/#primaryimage\"},\"thumbnailUrl\":\"https:\/\/baroudeusebymylene.com\/wp-content\/uploads\/2024\/09\/etui-cb-bleu-jaune-tulipes.jpg\",\"datePublished\":\"2024-09-04T14:32:00+00:00\",\"dateModified\":\"2024-12-02T11:18:33+00:00\",\"description\":\"Cet \u00e9tui \u00e0 cartes en wax avec un motif de tulipes vous permettra de garder vos cartes en s\u00e9curit\u00e9 et avec style. Tr\u00e8s pratique \u00e0 glisser dans un sac \u00e0 main.\",\"breadcrumb\":{\"@id\":\"https:\/\/baroudeusebymylene.com\/index.php\/produit\/etui-cartes-en-wax-tulipe\/#breadcrumb\"},\"inLanguage\":\"fr-FR\",\"potentialAction\":[{\"@type\":\"ReadAction\",\"target\":[\"https:\/\/baroudeusebymylene.com\/index.php\/produit\/etui-cartes-en-wax-tulipe\/\"]}]},{\"@type\":\"ImageObject\",\"inLanguage\":\"fr-FR\",\"@id\":\"https:\/\/baroudeusebymylene.com\/index.php\/produit\/etui-cartes-en-wax-tulipe\/#primaryimage\",\"url\":\"https:\/\/baroudeusebymylene.com\/wp-content\/uploads\/2024\/09\/etui-cb-bleu-jaune-tulipes.jpg\",\"contentUrl\":\"https:\/\/baroudeusebymylene.com\/wp-content\/uploads\/2024\/09\/etui-cb-bleu-jaune-tulipes.jpg\",\"width\":480,\"height\":640,\"caption\":\"Etui Cb marine et jaune tulipes\"},{\"@type\":\"BreadcrumbList\",\"@id\":\"https:\/\/baroudeusebymylene.com\/index.php\/produit\/etui-cartes-en-wax-tulipe\/#breadcrumb\",\"itemListElement\":[{\"@type\":\"ListItem\",\"position\":1,\"name\":\"Accueil\",\"item\":\"https:\/\/baroudeusebymylene.com\/\"},{\"@type\":\"ListItem\",\"position\":2,\"name\":\"Boutique en ligne\",\"item\":\"https:\/\/baroudeusebymylene.com\/index.php\/boutique-en-ligne\/\"},{\"@type\":\"ListItem\",\"position\":3,\"name\":\"Etui cartes en wax\"}]},{\"@type\":\"WebSite\",\"@id\":\"https:\/\/baroudeusebymylene.com\/#website\",\"url\":\"https:\/\/baroudeusebymylene.com\/\",\"name\":\"Baroudeusebymylene.com\",\"description\":\"Voyager sans rencontrer l&#039;autre, ce n&#039;est pas voyager c&#039;est se d\u00e9placer... Alexandra David Neel\",\"publisher\":{\"@id\":\"https:\/\/baroudeusebymylene.com\/#organization\"},\"potentialAction\":[{\"@type\":\"SearchAction\",\"target\":{\"@type\":\"EntryPoint\",\"urlTemplate\":\"https:\/\/baroudeusebymylene.com\/?s={search_term_string}\"},\"query-input\":{\"@type\":\"PropertyValueSpecification\",\"valueRequired\":true,\"valueName\":\"search_term_string\"}}],\"inLanguage\":\"fr-FR\"},{\"@type\":\"Organization\",\"@id\":\"https:\/\/baroudeusebymylene.com\/#organization\",\"name\":\"Baroudeusebymylene.com\",\"url\":\"https:\/\/baroudeusebymylene.com\/\",\"logo\":{\"@type\":\"ImageObject\",\"inLanguage\":\"fr-FR\",\"@id\":\"https:\/\/baroudeusebymylene.com\/#\/schema\/logo\/image\/\",\"url\":\"https:\/\/baroudeusebymylene.com\/wp-content\/uploads\/2024\/07\/cropped-IMG_9174.jpg\",\"contentUrl\":\"https:\/\/baroudeusebymylene.com\/wp-content\/uploads\/2024\/07\/cropped-IMG_9174.jpg\",\"width\":568,\"height\":213,\"caption\":\"Baroudeusebymylene.com\"},\"image\":{\"@id\":\"https:\/\/baroudeusebymylene.com\/#\/schema\/logo\/image\/\"}}]}<\/script>\n<!-- \/ Yoast SEO plugin. -->","yoast_head_json":{"title":"\u00e9tui \u00e0 cartes avec un motif de tulipes - Baroudeusebymylene.com","description":"Cet \u00e9tui \u00e0 cartes en wax avec un motif de tulipes vous permettra de garder vos cartes en s\u00e9curit\u00e9 et avec style. Tr\u00e8s pratique \u00e0 glisser dans un sac \u00e0 main.","robots":{"index":"index","follow":"follow","max-snippet":"max-snippet:-1","max-image-preview":"max-image-preview:large","max-video-preview":"max-video-preview:-1"},"canonical":"https:\/\/baroudeusebymylene.com\/index.php\/produit\/etui-cartes-en-wax-tulipe\/","og_locale":"fr_FR","og_type":"article","og_title":"\u00e9tui \u00e0 cartes avec un motif de tulipes - Baroudeusebymylene.com","og_description":"Cet \u00e9tui \u00e0 cartes en wax avec un motif de tulipes vous permettra de garder vos cartes en s\u00e9curit\u00e9 et avec style. Tr\u00e8s pratique \u00e0 glisser dans un sac \u00e0 main.","og_url":"https:\/\/baroudeusebymylene.com\/index.php\/produit\/etui-cartes-en-wax-tulipe\/","og_site_name":"Baroudeusebymylene.com","article_modified_time":"2024-12-02T11:18:33+00:00","og_image":[{"width":480,"height":640,"url":"https:\/\/baroudeusebymylene.com\/wp-content\/uploads\/2024\/09\/etui-cb-bleu-jaune-tulipes.jpg","type":"image\/jpeg"}],"twitter_card":"summary_large_image","twitter_misc":{"Dur\u00e9e de lecture estim\u00e9e":"1 minute"},"schema":{"@context":"https:\/\/schema.org","@graph":[{"@type":"WebPage","@id":"https:\/\/baroudeusebymylene.com\/index.php\/produit\/etui-cartes-en-wax-tulipe\/","url":"https:\/\/baroudeusebymylene.com\/index.php\/produit\/etui-cartes-en-wax-tulipe\/","name":"\u00e9tui \u00e0 cartes avec un motif de tulipes - Baroudeusebymylene.com","isPartOf":{"@id":"https:\/\/baroudeusebymylene.com\/#website"},"primaryImageOfPage":{"@id":"https:\/\/baroudeusebymylene.com\/index.php\/produit\/etui-cartes-en-wax-tulipe\/#primaryimage"},"image":{"@id":"https:\/\/baroudeusebymylene.com\/index.php\/produit\/etui-cartes-en-wax-tulipe\/#primaryimage"},"thumbnailUrl":"https:\/\/baroudeusebymylene.com\/wp-content\/uploads\/2024\/09\/etui-cb-bleu-jaune-tulipes.jpg","datePublished":"2024-09-04T14:32:00+00:00","dateModified":"2024-12-02T11:18:33+00:00","description":"Cet \u00e9tui \u00e0 cartes en wax avec un motif de tulipes vous permettra de garder vos cartes en s\u00e9curit\u00e9 et avec style. Tr\u00e8s pratique \u00e0 glisser dans un sac \u00e0 main.","breadcrumb":{"@id":"https:\/\/baroudeusebymylene.com\/index.php\/produit\/etui-cartes-en-wax-tulipe\/#breadcrumb"},"inLanguage":"fr-FR","potentialAction":[{"@type":"ReadAction","target":["https:\/\/baroudeusebymylene.com\/index.php\/produit\/etui-cartes-en-wax-tulipe\/"]}]},{"@type":"ImageObject","inLanguage":"fr-FR","@id":"https:\/\/baroudeusebymylene.com\/index.php\/produit\/etui-cartes-en-wax-tulipe\/#primaryimage","url":"https:\/\/baroudeusebymylene.com\/wp-content\/uploads\/2024\/09\/etui-cb-bleu-jaune-tulipes.jpg","contentUrl":"https:\/\/baroudeusebymylene.com\/wp-content\/uploads\/2024\/09\/etui-cb-bleu-jaune-tulipes.jpg","width":480,"height":640,"caption":"Etui Cb marine et jaune tulipes"},{"@type":"BreadcrumbList","@id":"https:\/\/baroudeusebymylene.com\/index.php\/produit\/etui-cartes-en-wax-tulipe\/#breadcrumb","itemListElement":[{"@type":"ListItem","position":1,"name":"Accueil","item":"https:\/\/baroudeusebymylene.com\/"},{"@type":"ListItem","position":2,"name":"Boutique en ligne","item":"https:\/\/baroudeusebymylene.com\/index.php\/boutique-en-ligne\/"},{"@type":"ListItem","position":3,"name":"Etui cartes en wax"}]},{"@type":"WebSite","@id":"https:\/\/baroudeusebymylene.com\/#website","url":"https:\/\/baroudeusebymylene.com\/","name":"Baroudeusebymylene.com","description":"Voyager sans rencontrer l&#039;autre, ce n&#039;est pas voyager c&#039;est se d\u00e9placer... Alexandra David Neel","publisher":{"@id":"https:\/\/baroudeusebymylene.com\/#organization"},"potentialAction":[{"@type":"SearchAction","target":{"@type":"EntryPoint","urlTemplate":"https:\/\/baroudeusebymylene.com\/?s={search_term_string}"},"query-input":{"@type":"PropertyValueSpecification","valueRequired":true,"valueName":"search_term_string"}}],"inLanguage":"fr-FR"},{"@type":"Organization","@id":"https:\/\/baroudeusebymylene.com\/#organization","name":"Baroudeusebymylene.com","url":"https:\/\/baroudeusebymylene.com\/","logo":{"@type":"ImageObject","inLanguage":"fr-FR","@id":"https:\/\/baroudeusebymylene.com\/#\/schema\/logo\/image\/","url":"https:\/\/baroudeusebymylene.com\/wp-content\/uploads\/2024\/07\/cropped-IMG_9174.jpg","contentUrl":"https:\/\/baroudeusebymylene.com\/wp-content\/uploads\/2024\/07\/cropped-IMG_9174.jpg","width":568,"height":213,"caption":"Baroudeusebymylene.com"},"image":{"@id":"https:\/\/baroudeusebymylene.com\/#\/schema\/logo\/image\/"}}]}},"_links":{"self":[{"href":"https:\/\/baroudeusebymylene.com\/index.php\/wp-json\/wp\/v2\/product\/732","targetHints":{"allow":["GET"]}}],"collection":[{"href":"https:\/\/baroudeusebymylene.com\/index.php\/wp-json\/wp\/v2\/product"}],"about":[{"href":"https:\/\/baroudeusebymylene.com\/index.php\/wp-json\/wp\/v2\/types\/product"}],"replies":[{"embeddable":true,"href":"https:\/\/baroudeusebymylene.com\/index.php\/wp-json\/wp\/v2\/comments?post=732"}],"wp:featuredmedia":[{"embeddable":true,"href":"https:\/\/baroudeusebymylene.com\/index.php\/wp-json\/wp\/v2\/media\/577"}],"wp:attachment":[{"href":"https:\/\/baroudeusebymylene.com\/index.php\/wp-json\/wp\/v2\/media?parent=732"}],"wp:term":[{"taxonomy":"product_brand","embeddable":true,"href":"https:\/\/baroudeusebymylene.com\/index.php\/wp-json\/wp\/v2\/product_brand?post=732"},{"taxonomy":"product_cat","embeddable":true,"href":"https:\/\/baroudeusebymylene.com\/index.php\/wp-json\/wp\/v2\/product_cat?post=732"},{"taxonomy":"product_tag","embeddable":true,"href":"https:\/\/baroudeusebymylene.com\/index.php\/wp-json\/wp\/v2\/product_tag?post=732"}],"curies":[{"name":"wp","href":"https:\/\/api.w.org\/{rel}","templated":true}]}}